{"id":9463,"date":"2024-03-13T15:21:50","date_gmt":"2024-03-13T15:21:50","guid":{"rendered":"https:\/\/gh-fotoschule.com\/fotokurse\/?post_type=product&#038;p=9463"},"modified":"2025-08-30T12:48:37","modified_gmt":"2025-08-30T10:48:37","slug":"smartphone-fotokurs-2","status":"publish","type":"product","link":"https:\/\/gh-fotoschule.com\/fotokurse\/produkt\/smartphone-fotokurs-2\/","title":{"rendered":"Smartphone Fotokurs 2"},"content":{"rendered":"<p><strong>Entfalten Sie Ihre Kreativit\u00e4t und nehmen Sie am Ende des Tages ein wundervolles Erinnerungsst\u00fcck mit nach Hause. 5 Stunden Fotokurs in Berlin.<\/strong><\/p>\n<p><strong>Willkommen zum Kurs &#8218;Fotografie f\u00fcr Smartphone 2&#8216;, der Fortsetzung des beliebten Smartphone-Fotografiekurses! In diesem Kurs werden wir uns intensiv mit fortgeschrittenen Techniken und Bildgestaltung in der faszinierenden Welt der Stra\u00dfenfotografie besch\u00e4ftigen.<\/strong><\/p>\n<p><strong>Lernen Sie, wie Sie die einzigartigen Momente des st\u00e4dtischen Lebens einfangen und Ihre fotografischen F\u00e4higkeiten auf die n\u00e4chste Stufe bringen. Ich werde Ihnen helfen, Ihre kreative Vision zu entwickeln und Ihre Smartphone-Fotografie auf ein neues Niveau zu bringen.<\/strong><\/p>\n<p>&nbsp;<\/p>\n<p><strong>Featuren:<\/strong><\/p>\n<ul>\n<li>5 Stunden Unterricht.<\/li>\n<\/ul>\n<ul>\n<li>Fotokurs in Berlin.<\/li>\n<\/ul>\n<ul>\n<li>Mineralwasser, Kafee, und Tee werden angeboten.<\/li>\n<\/ul>\n<ul>\n<li>Unterricht maximal 5 Teilnehmer.<\/li>\n<\/ul>\n<ul>\n<li>Der Kurs ist haupts\u00e4chlich praktisch.<\/li>\n<\/ul>\n<p>&nbsp;<\/p>\n<p><strong>Konditionen<\/strong><\/p>\n<p><strong>Einl\u00f6sbarkeit:<\/strong> Bis 31.12.2028.<\/p>\n<p><strong>Der Gutschein funktioniert dann mit einem Code, den sie dann an den Beg\u00fcnstigten \u00fcbertragen k\u00f6nnen.<\/strong> Der Gutschein wird ihnen dann per Post und E-mail zugesendet. Mit diesem Gutschein kann sich die beschenkte Person dann online jederzeit anmelden.<\/p>\n<p><strong>Terminvereinbarung:<\/strong> Verbindlich erforderlich auf unseren <a href=\"https:\/\/gh-fotoschule.com\/fotokurse\/events\/\" target=\"_blank\" rel=\"noopener noreferrer\"><strong>Fotokurs-Kalendar<\/strong><\/a> mit Angabe des Gutschein-Codes. Terminabsage bis mind. 48 Std. im Voraus. Bei Nichteinhalten des Termins oder versp\u00e4teter Absage wird kein Ersatztermin gew\u00e4hrleistet.<\/p>\n<p><strong>Weitere Informationen:<\/strong> F\u00fcr die Fotokurse ist eine eigene Smartphone mitzubringen.<\/p>\n","protected":false},"excerpt":{"rendered":"<h6><strong>Entfalten Sie Ihre Kreativit\u00e4t und nehmen Sie am Ende des Tages ein wundervolles Erinnerungsst\u00fcck mit nach Hause. 5 Stunden Fotokurs in Berlin.<\/strong><\/h6>\n<p><strong>Willkommen zum Kurs &#8218;Fotografie f\u00fcr Smartphone 2&#8216;, der Fortsetzung des beliebten Smartphone-Fotografiekurses! In diesem Kurs werden wir uns intensiv mit fortgeschrittenen Techniken und Bildgestaltung in der faszinierenden Welt der Stra\u00dfenfotografie besch\u00e4ftigen.<\/strong><\/p>\n<p><strong>Lernen Sie, wie Sie die einzigartigen Momente des st\u00e4dtischen Lebens einfangen und Ihre fotografischen F\u00e4higkeiten auf die n\u00e4chste Stufe bringen. Ich werde Ihnen helfen, Ihre kreative Vision zu entwickeln und Ihre Smartphone-Fotografie auf ein neues Niveau zu bringen.<\/strong><\/p>\n<p>&nbsp;<\/p>\n<p><strong>Der Gutschein wird ihnen per Post und E-mail zugesendet.<\/strong><\/p>\n<p><strong>Einl\u00f6sbarkeit:<\/strong> Bis 31.12.2028<\/p>\n","protected":false},"featured_media":9718,"comment_status":"closed","ping_status":"closed","template":"","meta":[],"product_cat":[],"product_tag":[],"class_list":{"0":"post-9463","1":"product","2":"type-product","3":"status-publish","4":"has-post-thumbnail","7":"first","8":"instock","9":"shipping-taxable","10":"purchasable","11":"product-type-simple"},"_links":{"self":[{"href":"https:\/\/gh-fotoschule.com\/fotokurse\/wp-json\/wp\/v2\/product\/9463","targetHints":{"allow":["GET"]}}],"collection":[{"href":"https:\/\/gh-fotoschule.com\/fotokurse\/wp-json\/wp\/v2\/product"}],"about":[{"href":"https:\/\/gh-fotoschule.com\/fotokurse\/wp-json\/wp\/v2\/types\/product"}],"replies":[{"embeddable":true,"href":"https:\/\/gh-fotoschule.com\/fotokurse\/wp-json\/wp\/v2\/comments?post=9463"}],"wp:featuredmedia":[{"embeddable":true,"href":"https:\/\/gh-fotoschule.com\/fotokurse\/wp-json\/wp\/v2\/media\/9718"}],"wp:attachment":[{"href":"https:\/\/gh-fotoschule.com\/fotokurse\/wp-json\/wp\/v2\/media?parent=9463"}],"wp:term":[{"taxonomy":"product_cat","embeddable":true,"href":"https:\/\/gh-fotoschule.com\/fotokurse\/wp-json\/wp\/v2\/product_cat?post=9463"},{"taxonomy":"product_tag","embeddable":true,"href":"https:\/\/gh-fotoschule.com\/fotokurse\/wp-json\/wp\/v2\/product_tag?post=9463"}],"curies":[{"name":"wp","href":"https:\/\/api.w.org\/{rel}","templated":true}]}}