{"id":5795,"date":"2018-12-15T23:28:41","date_gmt":"2018-12-15T23:28:41","guid":{"rendered":"https:\/\/gh-fotoschule.com\/fotokurse\/?post_type=product&#038;p=5795"},"modified":"2024-12-23T00:27:54","modified_gmt":"2024-12-22T22:27:54","slug":"2-stunden-portrait-fotoshooting-gutschein-das-perfekte-geschenk","status":"publish","type":"product","link":"https:\/\/gh-fotoschule.com\/fotokurse\/produkt\/2-stunden-portrait-fotoshooting-gutschein-das-perfekte-geschenk\/","title":{"rendered":"2 Stunden Portrait Fotoshooting. Gutschein. Das perfekte Geschenk."},"content":{"rendered":"<p>[col2]<span style=\"color: #000000;\"><strong>1 Stunde Fotoshooting in der Stadt oder in der Natur.<\/strong><\/span><\/p>\n<p>Naturelles Lichts ist das beste Licht. Berlin das beste Hintergrund. Lass mir dies benutzen und einzigerartig Bilder zu bekommen.<\/p>\n<p>Fotostudios sind mir eher langweilig und kalt. Berlin ist eine tolle Stadt: Das Beste Hintergrund um voll lebendige Portraits zu machen. Die Stadt und Menschen herunter uns als Hintergrund.<\/p>\n<p>&nbsp;<\/p>\n<div class=\"contenfeature\">\n<p><strong><span style=\"color: #000000;\">Featuren:<\/span><\/strong><\/p>\n<ul>\n<li class=\"liproductos\"><strong><span style=\"color: #000000;\">2 Stunden\u00a0 in der Stadt oder in der Natur.<\/span><\/strong><\/li>\n<li class=\"liproductos\"><strong><span style=\"color: #000000;\">Inklusive 25 Profesionell bearbeitete Fotos.<\/span><\/strong><\/li>\n<li class=\"liproductos\">Jede weiteres Bild 9\u20ac.<\/li>\n<li class=\"liproductos\">Profesionelles, softes Licht (Falls die Sonne fehlt).<\/li>\n<li class=\"liproductos\">Vielzahl von Posen und Details.<\/li>\n<li class=\"liproductos\">Fotos in Farbe und Schwarz-Wei\u00df.<\/li>\n<li class=\"liproductos\"><span style=\"color: #000000;\"><strong>Die Auswahl der Bilder erfolgt zuvor in einer passwortgesch\u00fctzten Online Galerie.<\/strong><\/span><\/li>\n<li class=\"liproductos\">Ausgew\u00e4hlte Bilder als digitale Datei zum herunterladen.<\/li>\n<li class=\"liproductos\">Nur privat Kunden. Kommerzielle Fotografie nicht in Preis inklusive. Nach Anfrage.<\/li>\n<li>Portrait von Menschen in der Stadt oder in der Natur.<\/li>\n<li>Hochzeiten, Tafe, und Sportfotos nicht in Preis inklusive. Nach Anfrage.<\/li>\n<\/ul>\n<\/div>\n<p>[\/col2][col2]<span style=\"color: #000000;\"><strong>Konditionen<\/strong><\/span><\/p>\n<p><span style=\"color: #000000;\"><strong>Einl\u00f6sbarkeit: Bis 31.12.2028<\/strong><\/span><\/p>\n<p><span style=\"color: #000000;\"><strong>Der Gutschein funktioniert dann mit einem Code, den sie dann an den Beg\u00fcnstigten \u00fcbertragen k\u00f6nnen.<\/strong><\/span> Der Gutschein wird ihnen dann per Post und E-mail zugesendet. Mit diesem Gutschein kann sich die beschenkte Person dann online jederzeit anmelden.<\/p>\n<p><span style=\"color: #000000;\"><strong>Terminvereinbarung:<\/strong><\/span> Per Telefon, Whatsapp, E-mail oder Kontaktformular mit Angabe des Gutschein-Codes. Terminabsage bis mind. 48 Std. im Voraus. Bei Nichteinhalten des Termins oder versp\u00e4teter Absage wird kein Ersatztermin gew\u00e4hrleistet.<\/p>\n<p>&nbsp;<\/p>\n<p>[\/col2]<\/p>\n<p>&nbsp;<\/p>\n<h3><\/h3>\n","protected":false},"excerpt":{"rendered":"<h3><span style=\"color: #ff0000;\"><strong>LAST MINUTE WEIHNACHTSVERKAUF: Kaufen Sie in der Zeit vom 20.12.-24.12. einen Gutschein Ihrer Wahl und sie erhalten ihn noch am selben Tag als E-Mail zum selbst ausdrucken.<\/strong><\/span><\/h3>\n<h3><span style=\"color: #000000;\"><strong>Portrait Fotografie in der Stadt oder in der Natur.<\/strong><\/span><\/h3>\n<h3><span style=\"color: #000000;\"><strong>2 Stunden Fotoshooting. Inklusive 25 profesionell bearbeitete Fotos.<\/strong><\/span><\/h3>\n<p><span style=\"color: #000000;\"><strong>Der Gutschein wird ihnen per Post und E-mail zugesendet.<\/strong><\/span><\/p>\n<p><span style=\"color: #000000;\"><strong>Einl\u00f6sbarkeit:<\/strong><\/span> Bis 31.12.2028<\/p>\n<h3><\/h3>\n","protected":false},"featured_media":5772,"comment_status":"closed","ping_status":"closed","template":"","meta":[],"product_cat":[70],"product_tag":[],"class_list":{"0":"post-5795","1":"product","2":"type-product","3":"status-publish","4":"has-post-thumbnail","6":"product_cat-fotoshooting","8":"first","9":"instock","10":"featured","11":"shipping-taxable","12":"purchasable","13":"product-type-simple"},"_links":{"self":[{"href":"https:\/\/gh-fotoschule.com\/fotokurse\/wp-json\/wp\/v2\/product\/5795","targetHints":{"allow":["GET"]}}],"collection":[{"href":"https:\/\/gh-fotoschule.com\/fotokurse\/wp-json\/wp\/v2\/product"}],"about":[{"href":"https:\/\/gh-fotoschule.com\/fotokurse\/wp-json\/wp\/v2\/types\/product"}],"replies":[{"embeddable":true,"href":"https:\/\/gh-fotoschule.com\/fotokurse\/wp-json\/wp\/v2\/comments?post=5795"}],"wp:featuredmedia":[{"embeddable":true,"href":"https:\/\/gh-fotoschule.com\/fotokurse\/wp-json\/wp\/v2\/media\/5772"}],"wp:attachment":[{"href":"https:\/\/gh-fotoschule.com\/fotokurse\/wp-json\/wp\/v2\/media?parent=5795"}],"wp:term":[{"taxonomy":"product_cat","embeddable":true,"href":"https:\/\/gh-fotoschule.com\/fotokurse\/wp-json\/wp\/v2\/product_cat?post=5795"},{"taxonomy":"product_tag","embeddable":true,"href":"https:\/\/gh-fotoschule.com\/fotokurse\/wp-json\/wp\/v2\/product_tag?post=5795"}],"curies":[{"name":"wp","href":"https:\/\/api.w.org\/{rel}","templated":true}]}}