{"id":5738,"date":"2023-12-01T16:40:59","date_gmt":"2023-12-01T16:40:59","guid":{"rendered":"https:\/\/gh-fotoschule.com\/fotokurse\/?post_type=product&#038;p=5738"},"modified":"2024-12-23T00:22:20","modified_gmt":"2024-12-22T22:22:20","slug":"baby-fotoshooting-gutschein-das-perfekte-geschenk","status":"publish","type":"product","link":"https:\/\/gh-fotoschule.com\/fotokurse\/produkt\/baby-fotoshooting-gutschein-das-perfekte-geschenk\/","title":{"rendered":"1 Stunde Baby Fotoshooting. Gutschein. Das perfekte Geschenk."},"content":{"rendered":"<p><span style=\"color: #000000;\"><strong>1 Stunde Fotoshooting bei euch zu Hause, in der Stadt oder in der Natur.<\/strong><\/span><\/p>\n<p>Wenn Ihr Baby auf die Welt kommt, ist der neugeborene Baby Ihrer Familie wertvoll.<\/p>\n<p>Das Verlassen des Hauses klingt wahrscheinlich unattraktiv: Besucher kommen zu Ihnen, Eink\u00e4ufe werden online get\u00e4tigt und an Ihre T\u00fcr geliefert, Bindung und Schlaf stehen ganz oben auf Ihrer Priorit\u00e4tenliste.<\/p>\n<p>Lassen Sie den Fotografen zu Ihnen kommen, anstatt eine Expedition in ein lokales Studio zu unternehmen, und lassen Sie Ihre Neugeborenen zu Hause fotografieren..<\/p>\n<p>&nbsp;<\/p>\n<div class=\"contenfeature\">\n<p><strong><span style=\"color: #000000;\">Featuren:<\/span><\/strong><\/p>\n<ul>\n<li class=\"liproductos\"><strong><span style=\"color: #000000;\">1 Stunde Fotoshooting zu Hause, in der Stadt oder in der Natur.<\/span><\/strong><\/li>\n<li class=\"liproductos\"><strong><span style=\"color: #000000;\">Inklusive 12 Profesionell bearbeitete Fotos.<\/span><\/strong><\/li>\n<li class=\"liproductos\">Jede weiteres Bild 12\u20ac.<\/li>\n<li class=\"liproductos\">Profesionelles, softes Licht (Falls die Sonne fehlt).<\/li>\n<li class=\"liproductos\">Vielzahl von Posen und Details, mit und ohne Eltern.<\/li>\n<li class=\"liproductos\">Fotos in Farbe und Schwarz-Wei\u00df.<\/li>\n<li class=\"liproductos\"><span style=\"color: #000000;\"><strong>Die Auswahl der Bilder erfolgt zuvor in einer passwortgesch\u00fctzten Online Galerie.<\/strong><\/span><\/li>\n<li class=\"liproductos\">Ausgew\u00e4hlte Bilder als digitale Datei zum herunterladen.<\/li>\n<li class=\"liproductos\">Nur privat Kunden. Kommerzielle Fotografie nicht in Preis inklusive. Nach Anfrage.<\/li>\n<\/ul>\n<p>&nbsp;<\/p>\n<\/div>\n<p><span style=\"color: #000000;\"><strong>Konditionen<\/strong><\/span><\/p>\n<p><span style=\"color: #000000;\"><strong>Einl\u00f6sbarkeit: Bis 31.12.2028.<\/strong><\/span><\/p>\n<p><span style=\"color: #000000;\"><strong>Der Gutschein funktioniert dann mit einem Code, den sie dann an den Beg\u00fcnstigten \u00fcbertragen k\u00f6nnen.<\/strong><\/span> Der Gutschein wird ihnen dann per Post und E-mail zugesendet. Mit diesem Gutschein kann sich die beschenkte Person dann online jederzeit anmelden.<\/p>\n<p><span style=\"color: #000000;\"><strong>Terminvereinbarung:<\/strong><\/span> Per Telefon, Whatsapp, E-mail oder Kontaktformular mit Angabe des Gutschein-Codes. Terminabsage bis mind. 48 Std. im Voraus. Bei Nichteinhalten des Termins oder versp\u00e4teter Absage wird kein Ersatztermin gew\u00e4hrleistet.<\/p>\n<p>&nbsp;<\/p>\n<h3><\/h3>\n","protected":false},"excerpt":{"rendered":"<h6><span style=\"color: #000000;\"><strong>Babyfotografie bei euch zu Hause, in der Stadt oder in der Natur.<\/strong><\/span><\/h6>\n<h6><span style=\"color: #000000;\"><strong>1 Stunde Fotoshooting. Inklusive 3 profesionell bearbeitete Fotos.<\/strong><\/span><\/h6>\n<p><span style=\"color: #000000;\"><strong>Der Gutschein wird ihnen per Post und E-mail zugesendet.<\/strong><\/span><\/p>\n<p><span style=\"color: #000000;\"><strong>Einl\u00f6sbarkeit:<\/strong><\/span> Bis 31.12.2028<\/p>\n<h3><\/h3>\n","protected":false},"featured_media":6602,"comment_status":"closed","ping_status":"closed","template":"","meta":[],"product_cat":[79,70],"product_tag":[],"class_list":{"0":"post-5738","1":"product","2":"type-product","3":"status-publish","4":"has-post-thumbnail","6":"product_cat-baby","7":"product_cat-fotoshooting","9":"first","10":"instock","11":"featured","12":"shipping-taxable","13":"purchasable","14":"product-type-simple"},"_links":{"self":[{"href":"https:\/\/gh-fotoschule.com\/fotokurse\/wp-json\/wp\/v2\/product\/5738","targetHints":{"allow":["GET"]}}],"collection":[{"href":"https:\/\/gh-fotoschule.com\/fotokurse\/wp-json\/wp\/v2\/product"}],"about":[{"href":"https:\/\/gh-fotoschule.com\/fotokurse\/wp-json\/wp\/v2\/types\/product"}],"replies":[{"embeddable":true,"href":"https:\/\/gh-fotoschule.com\/fotokurse\/wp-json\/wp\/v2\/comments?post=5738"}],"wp:featuredmedia":[{"embeddable":true,"href":"https:\/\/gh-fotoschule.com\/fotokurse\/wp-json\/wp\/v2\/media\/6602"}],"wp:attachment":[{"href":"https:\/\/gh-fotoschule.com\/fotokurse\/wp-json\/wp\/v2\/media?parent=5738"}],"wp:term":[{"taxonomy":"product_cat","embeddable":true,"href":"https:\/\/gh-fotoschule.com\/fotokurse\/wp-json\/wp\/v2\/product_cat?post=5738"},{"taxonomy":"product_tag","embeddable":true,"href":"https:\/\/gh-fotoschule.com\/fotokurse\/wp-json\/wp\/v2\/product_tag?post=5738"}],"curies":[{"name":"wp","href":"https:\/\/api.w.org\/{rel}","templated":true}]}}