{"id":4832,"date":"2023-12-10T03:04:27","date_gmt":"2023-12-10T03:04:27","guid":{"rendered":"https:\/\/gh-fotoschule.com\/fotokurse\/?post_type=product&#038;p=4832"},"modified":"2025-04-09T16:17:04","modified_gmt":"2025-04-09T14:17:04","slug":"smartphone-fotokurs","status":"publish","type":"product","link":"https:\/\/gh-fotoschule.com\/fotokurse\/produkt\/smartphone-fotokurs\/","title":{"rendered":"Smartphone Fotokurs"},"content":{"rendered":"<p><strong>Basiswissen der Smartphone-Fotografie. 5 Stunden Fotokurs in Berlin.<\/strong><\/p>\n<p><strong>Sie wollten schon immer mal spektakul\u00e4re Fotos mit Ihrem Smartphone einfangen?<\/strong><\/p>\n<p><strong>Dann haben Sie in diesem Kurs die Gelegenheit dazu! Ich verrate Ihnen die besten Tipps und Einstellungen zum Thema Smartphone-Fotografie.<\/strong><\/p>\n<p><strong>Wie kann ich ein stimmungsvolles Portrait fotografieren? Wie eine Landschaft? Und wie kann ich meinen Urlaub am sch\u00f6nsten mit dem Smartphone festhalten?<\/strong><\/p>\n<p><strong>Featuren:<\/strong><\/p>\n<ul>\n<li>5 Stunden Unterricht.<\/li>\n<\/ul>\n<ul>\n<li>Fotokurs in Berlin.<\/li>\n<\/ul>\n<ul>\n<li>Mineralwasser, Kafee, und Tee werden angeboten.<\/li>\n<\/ul>\n<ul>\n<li>Unterricht maximal 8 Teilnehmer.<\/li>\n<\/ul>\n<ul>\n<li>Der Kurs ist haupts\u00e4chlich praktisch.<\/li>\n<\/ul>\n<p>&nbsp;<\/p>\n<p><strong>Konditionen<\/strong><\/p>\n<p><strong>Einl\u00f6sbarkeit:<\/strong> Bis 31.12.2028.<\/p>\n<p><strong>Der Gutschein funktioniert dann mit einem Code, den sie dann an den Beg\u00fcnstigten \u00fcbertragen k\u00f6nnen.<\/strong> Der Gutschein wird ihnen dann per Post und E-mail zugesendet. Mit diesem Gutschein kann sich die beschenkte Person dann online jederzeit anmelden.<\/p>\n<p><strong>Terminvereinbarung:<\/strong> Verbindlich erforderlich auf unseren <a href=\"https:\/\/gh-fotoschule.com\/fotokurse\/events\/\" target=\"_blank\" rel=\"noopener noreferrer\"><strong>Fotokurs-Kalendar<\/strong><\/a> mit Angabe des Gutschein-Codes. Terminabsage bis mind. 48 Std. im Voraus. Bei Nichteinhalten des Termins oder versp\u00e4teter Absage wird kein Ersatztermin gew\u00e4hrleistet.<\/p>\n<p><strong>Weitere Informationen:<\/strong> F\u00fcr die Fotokurse ist eine eigene Smartphone mitzubringen.<\/p>\n<p>&nbsp;<\/p>\n<p>&nbsp;<\/p>\n<h3><\/h3>\n","protected":false},"excerpt":{"rendered":"<h6><span style=\"color: #000000;\"><strong>Basiswissen der Smartphone-Fotografie. 5 Stunden Fotokurs in Berlin.<\/strong><\/span><\/h6>\n<p><strong>Sie wollten schon immer mal spektakul\u00e4re Fotos mit Ihrem Smartphone einfangen?<\/strong><\/p>\n<p><strong>Dann haben Sie in diesem Kurs die Gelegenheit dazu! Ich verrate Ihnen die besten Tipps und Einstellungen zum Thema Smartphone-Fotografie.<\/strong><\/p>\n<p><strong>Der Gutschein wird ihnen per Post und E-mail zugesendet.<\/strong><\/p>\n<p><strong>Einl\u00f6sbarkeit:<\/strong> Bis 31.12.2028<\/p>\n<h3><\/h3>\n","protected":false},"featured_media":9655,"comment_status":"closed","ping_status":"closed","template":"","meta":[],"product_cat":[64],"product_tag":[],"class_list":{"0":"post-4832","1":"product","2":"type-product","3":"status-publish","4":"has-post-thumbnail","6":"product_cat-unkategorisiert","8":"first","9":"instock","10":"featured","11":"shipping-taxable","12":"purchasable","13":"product-type-simple"},"_links":{"self":[{"href":"https:\/\/gh-fotoschule.com\/fotokurse\/wp-json\/wp\/v2\/product\/4832","targetHints":{"allow":["GET"]}}],"collection":[{"href":"https:\/\/gh-fotoschule.com\/fotokurse\/wp-json\/wp\/v2\/product"}],"about":[{"href":"https:\/\/gh-fotoschule.com\/fotokurse\/wp-json\/wp\/v2\/types\/product"}],"replies":[{"embeddable":true,"href":"https:\/\/gh-fotoschule.com\/fotokurse\/wp-json\/wp\/v2\/comments?post=4832"}],"wp:featuredmedia":[{"embeddable":true,"href":"https:\/\/gh-fotoschule.com\/fotokurse\/wp-json\/wp\/v2\/media\/9655"}],"wp:attachment":[{"href":"https:\/\/gh-fotoschule.com\/fotokurse\/wp-json\/wp\/v2\/media?parent=4832"}],"wp:term":[{"taxonomy":"product_cat","embeddable":true,"href":"https:\/\/gh-fotoschule.com\/fotokurse\/wp-json\/wp\/v2\/product_cat?post=4832"},{"taxonomy":"product_tag","embeddable":true,"href":"https:\/\/gh-fotoschule.com\/fotokurse\/wp-json\/wp\/v2\/product_tag?post=4832"}],"curies":[{"name":"wp","href":"https:\/\/api.w.org\/{rel}","templated":true}]}}