{"id":4060,"date":"2023-12-01T19:08:44","date_gmt":"2023-12-01T19:08:44","guid":{"rendered":"https:\/\/gh-fotoschule.com\/fotokurse\/?post_type=product&#038;p=4060"},"modified":"2023-12-19T17:32:19","modified_gmt":"2023-12-19T17:32:19","slug":"wertgutschein-200e-fuer-mehrere-kurse-ihrer-wahl","status":"publish","type":"product","link":"https:\/\/gh-fotoschule.com\/fotokurse\/produkt\/wertgutschein-200e-fuer-mehrere-kurse-ihrer-wahl\/","title":{"rendered":"Wertgutschein 200\u20ac. F\u00fcr mehrere Kurse Ihrer Wahl."},"content":{"rendered":"<p><strong>Die\/Der Beschenkte kann sich mehrere Kurse ihrer\/seiner Wahl aussuchen und ihn bei uns buchen.<\/strong><\/p>\n<p>Ob ein Bild gut oder weniger gut gelingt, wird in erster Linie vom Fotografen beeinflusst. <strong>Ein guter Fotograf kann auch mit einfacheren Kameras hervorragende Bilder machen.<\/strong> Wichtig sind die Kenntnisse \u00fcber die Wirkung der verschiedenen Einstellm\u00f6glichkeiten auf das Bild. Der Kurs vermittelt Grundlagen der Digitalen Fotografie.<\/p>\n<p>Die <strong>GH Fotoschule<\/strong> des international erfahrenen Fotografen Roberto Garcia Hermosilla hat es sich zum Ziel gemacht, das Know-how des Fotografierens mit interessierten Menschen zu teilen. Daher werden neben klassischen Fotokursen f\u00fcr Anf\u00e4nger und <a href=\"https:\/\/gh-fotoschule.com\/fotokurse\/fotografie-fur-fortgeschrittene-2\/\" target=\"_blank\" rel=\"noopener noreferrer\">Fortgeschrittene<\/a> auch Kurse f\u00fcr die <a href=\"https:\/\/gh-fotoschule.com\/fotokurse\/schwarz-weis-entwicklung\/\" target=\"_blank\" rel=\"noopener noreferrer\">Fotoentwicklung in Schwarz-Wei\u00df<\/a> angeboten. F\u00fcr Eltern und Kinder gibt es zus\u00e4tzlich noch einen besonderen Kurs in <a href=\"https:\/\/gh-fotoschule.com\/fotokurse\/alternative-fotografie-2\/\" target=\"_blank\" rel=\"noopener noreferrer\">alternativer Fotografie<\/a>, die ganz ohne Kamera auskommt.<\/p>\n<p><strong>Konditionen<\/strong><\/p>\n<p><strong>Einl\u00f6sbarkeit:<\/strong> Bis 31.12.2028.<\/p>\n<p><strong>Der Gutschein funktioniert dann mit einem Code, den sie dann an den Beg\u00fcnstigten \u00fcbertragen k\u00f6nnen.<\/strong> Der Gutschein wird ihnen dann per E-mail zugesendet. Mit diesem Gutschein kann sich die beschenkte Person dann online jederzeit anmelden.<\/p>\n<p><strong>Terminvereinbarung:<\/strong> Verbindlich erforderlich auf unseren <a href=\"https:\/\/gh-fotoschule.com\/fotokurse\/events\/\" target=\"_blank\" rel=\"noopener noreferrer\"><strong>Fotokurs-Kalendar<\/strong><\/a> mit Angabe des Gutschein-Codes. Terminabsage bis mind. 48 Std. im Voraus. Bei Nichteinhalten des Termins oder versp\u00e4teter Absage wird kein Ersatztermin gew\u00e4hrleistet.<\/p>\n<p><strong>Weitere Informationen:<\/strong> F\u00fcr die Fotokurse ist eine eigene Kamera mitzubringen (es ist jedoch auch m\u00f6glich, ohne eine eigene Kamera teilzunehmen).<\/p>\n","protected":false},"excerpt":{"rendered":"<h6><span style=\"color: #000000;\"><strong>Wertgutschein 200\u20ac. F\u00fcr mehrere Kurse Ihrer Wahl.\u00a0<\/strong><\/span><\/h6>\n<p>Objekt<strong> anvisieren, Ausl\u00f6ser dr\u00fccken \u2013 Fotografieren klingt so einfach.<\/strong> Wer nicht nur einfach Schnappsch\u00fcsse, sondern auch mal ausdrucksstarke Bilder machen m\u00f6chte, kommt um einen Fotokurs nicht herum. In der GH Fotoschule kann man sich daf\u00fcr Wissenswertes, Tipps und professionelles Know-how aneignen.<\/p>\n<p><strong>Einl\u00f6sbarkeit:<\/strong> Bis 31.12.2028<\/p>\n","protected":false},"featured_media":4080,"comment_status":"closed","ping_status":"closed","template":"","meta":[],"product_cat":[],"product_tag":[],"class_list":{"0":"post-4060","1":"product","2":"type-product","3":"status-publish","4":"has-post-thumbnail","7":"first","8":"instock","9":"shipping-taxable","10":"purchasable","11":"product-type-simple"},"_links":{"self":[{"href":"https:\/\/gh-fotoschule.com\/fotokurse\/wp-json\/wp\/v2\/product\/4060","targetHints":{"allow":["GET"]}}],"collection":[{"href":"https:\/\/gh-fotoschule.com\/fotokurse\/wp-json\/wp\/v2\/product"}],"about":[{"href":"https:\/\/gh-fotoschule.com\/fotokurse\/wp-json\/wp\/v2\/types\/product"}],"replies":[{"embeddable":true,"href":"https:\/\/gh-fotoschule.com\/fotokurse\/wp-json\/wp\/v2\/comments?post=4060"}],"wp:featuredmedia":[{"embeddable":true,"href":"https:\/\/gh-fotoschule.com\/fotokurse\/wp-json\/wp\/v2\/media\/4080"}],"wp:attachment":[{"href":"https:\/\/gh-fotoschule.com\/fotokurse\/wp-json\/wp\/v2\/media?parent=4060"}],"wp:term":[{"taxonomy":"product_cat","embeddable":true,"href":"https:\/\/gh-fotoschule.com\/fotokurse\/wp-json\/wp\/v2\/product_cat?post=4060"},{"taxonomy":"product_tag","embeddable":true,"href":"https:\/\/gh-fotoschule.com\/fotokurse\/wp-json\/wp\/v2\/product_tag?post=4060"}],"curies":[{"name":"wp","href":"https:\/\/api.w.org\/{rel}","templated":true}]}}