{"id":4059,"date":"2019-12-03T18:08:02","date_gmt":"2019-12-03T18:08:02","guid":{"rendered":"https:\/\/gh-fotoschule.com\/fotokurse\/?post_type=product&#038;p=4059"},"modified":"2026-02-06T12:44:58","modified_gmt":"2026-02-06T10:44:58","slug":"wertgutschein-100e-fuer-einen-kurs-ihrer-wahl-2","status":"publish","type":"product","link":"https:\/\/gh-fotoschule.com\/fotokurse\/produkt\/wertgutschein-100e-fuer-einen-kurs-ihrer-wahl-2\/","title":{"rendered":"Wertgutschein 100\u20ac. F\u00fcr einen Kurs Ihrer Wahl."},"content":{"rendered":"<p>[col2]<strong>Die\/Der Beschenkte kann sich einen Kurs ihrer\/seiner Wahl aussuchen und ihn bei uns buchen.<\/strong><\/p>\n<p>Ob ein Bild gut oder weniger gut gelingt, wird in erster Linie vom Fotografen beeinflusst. <strong>Ein guter Fotograf kann auch mit einfacheren Kameras hervorragende Bilder machen.<\/strong> Wichtig sind die Kenntnisse \u00fcber die Wirkung der verschiedenen Einstellm\u00f6glichkeiten auf das Bild. Der Kurs vermittelt Grundlagen der Digitalen Fotografie.<\/p>\n<p>Die <strong>GH Fotoschule<\/strong> des international erfahrenen Fotografen Roberto Garcia Hermosilla hat es sich zum Ziel gemacht, das Know-how des Fotografierens mit interessierten Menschen zu teilen.<\/p>\n<p>[\/col2][col2]<strong>Konditionen<\/strong><\/p>\n<p><strong>Einl\u00f6sbarkeit:<\/strong> Bis 31.12.2028<\/p>\n<p><strong>Der Gutschein funktioniert dann mit einem Code, den sie dann an den Beg\u00fcnstigten \u00fcbertragen k\u00f6nnen.<\/strong> Der Gutschein wird ihnen dann per E-mail zugesendet. Mit diesem Gutschein kann sich die beschenkte Person dann online jederzeit anmelden.<\/p>\n<p><strong>Terminvereinbarung:<\/strong> Verbindlich erforderlich auf unseren <a href=\"https:\/\/gh-fotoschule.com\/fotokurse\/events\/\" target=\"_blank\" rel=\"noopener noreferrer\"><strong>Fotokurs-Kalendar<\/strong><\/a> mit Angabe des Gutschein-Codes. Terminabsage bis mind. 48 Std. im Voraus. Bei Nichteinhalten des Termins oder versp\u00e4teter Absage wird kein Ersatztermin gew\u00e4hrleistet.<\/p>\n<p><strong>Weitere Informationen:<\/strong> F\u00fcr die Fotokurse ist eine eigene Kamera mitzubringen (es ist jedoch auch m\u00f6glich, ohne eine eigene Kamera teilzunehmen).<\/p>\n<p>[\/col2]<\/p>\n","protected":false},"excerpt":{"rendered":"<h3><span style=\"color: #000000;\"><strong>Wertgutschein 100\u20ac. F\u00fcr einen Kurs Ihrer Wahl. 5 Stunden Fotokurs.\u00a0<\/strong><\/span><\/h3>\n<p>Objekt<strong> anvisieren, Ausl\u00f6ser dr\u00fccken \u2013 Fotografieren klingt so einfach.<\/strong> Wer nicht nur einfach Schnappsch\u00fcsse, sondern auch mal ausdrucksstarke Bilder machen m\u00f6chte, kommt um einen Fotokurs nicht herum. In der GH Fotoschule kann man sich daf\u00fcr Wissenswertes, Tipps und professionelles Know-how aneignen.<\/p>\n<p><strong>Einl\u00f6sbarkeit:<\/strong> Bis 31.12.2028<\/p>\n","protected":false},"featured_media":9797,"comment_status":"closed","ping_status":"closed","template":"","meta":[],"product_cat":[],"product_tag":[],"class_list":{"0":"post-4059","1":"product","2":"type-product","3":"status-publish","4":"has-post-thumbnail","7":"first","8":"instock","9":"shipping-taxable","10":"purchasable","11":"product-type-simple"},"_links":{"self":[{"href":"https:\/\/gh-fotoschule.com\/fotokurse\/wp-json\/wp\/v2\/product\/4059","targetHints":{"allow":["GET"]}}],"collection":[{"href":"https:\/\/gh-fotoschule.com\/fotokurse\/wp-json\/wp\/v2\/product"}],"about":[{"href":"https:\/\/gh-fotoschule.com\/fotokurse\/wp-json\/wp\/v2\/types\/product"}],"replies":[{"embeddable":true,"href":"https:\/\/gh-fotoschule.com\/fotokurse\/wp-json\/wp\/v2\/comments?post=4059"}],"wp:featuredmedia":[{"embeddable":true,"href":"https:\/\/gh-fotoschule.com\/fotokurse\/wp-json\/wp\/v2\/media\/9797"}],"wp:attachment":[{"href":"https:\/\/gh-fotoschule.com\/fotokurse\/wp-json\/wp\/v2\/media?parent=4059"}],"wp:term":[{"taxonomy":"product_cat","embeddable":true,"href":"https:\/\/gh-fotoschule.com\/fotokurse\/wp-json\/wp\/v2\/product_cat?post=4059"},{"taxonomy":"product_tag","embeddable":true,"href":"https:\/\/gh-fotoschule.com\/fotokurse\/wp-json\/wp\/v2\/product_tag?post=4059"}],"curies":[{"name":"wp","href":"https:\/\/api.w.org\/{rel}","templated":true}]}}