{"id":3344,"date":"2023-12-01T00:06:10","date_gmt":"2023-12-01T00:06:10","guid":{"rendered":"https:\/\/gh-fotoschule.com\/fotokurse\/?post_type=product&#038;p=3344"},"modified":"2023-12-19T17:31:19","modified_gmt":"2023-12-19T17:31:19","slug":"strassen-fotografie-workshop","status":"publish","type":"product","link":"https:\/\/gh-fotoschule.com\/fotokurse\/produkt\/strassen-fotografie-workshop\/","title":{"rendered":"Stra\u00dfen-Fotografie Workshop"},"content":{"rendered":"<p><strong>Lernen Sie die ungeschminkte, authentische Fotografie von Berliner Alltagsszenen! 5 Stunden Fotokurs auf den Stra\u00dfen von Berlin.<\/strong><\/p>\n<p>Berlin, diese Stadt ist eine gro\u00dfe B\u00fchne voller interessanter Menschen, verschiedener Situationen und Alltagsszenen. Es wird Zeit einen Spaziergang mit der Kamera zu machen und ein paar davon fotografisch einzufangen!\u00a0<strong>In unserem Stra\u00dfen- Fotografie Workshop werden Sie lernen Menschen und ihre Geschichte zu sehen, Ihre Augen f\u00fcr interessante Perspektiven und Situationen zu schulen und sie gekonnt im Bild festzuhalten.<\/strong><\/p>\n<p>Die\u00a0<strong>GH Fotoschule<\/strong>\u00a0des international erfahrenen Fotografen Roberto Garcia Hermosilla hat es sich zum Ziel gemacht, das Know-how des Fotografierens mit interessierten Menschen zu teilen. Daher werden neben klassischen Fotokursen f\u00fcr Anf\u00e4nger und\u00a0<a href=\"https:\/\/gh-fotoschule.com\/fotokurse\/fotografie-fur-fortgeschrittene-2\/\" target=\"_blank\" rel=\"noopener noreferrer\">Fortgeschrittene<\/a>\u00a0auch Kurse f\u00fcr die\u00a0<a href=\"https:\/\/gh-fotoschule.com\/fotokurse\/schwarz-weis-entwicklung\/\" target=\"_blank\" rel=\"noopener noreferrer\">Fotoentwicklung in Schwarz-Wei\u00df<\/a>\u00a0angeboten. F\u00fcr Eltern und Kinder gibt es zus\u00e4tzlich noch einen besonderen Kurs in\u00a0<a href=\"https:\/\/gh-fotoschule.com\/fotokurse\/alternative-fotografie-2\/\" target=\"_blank\" rel=\"noopener noreferrer\">alternativer Fotografie<\/a>, die ganz ohne Kamera auskommt.<\/p>\n<p><strong>Ziele des Kurses:<\/strong><\/p>\n<ul>\n<li>\u201efotografisches Sehen\u201c lernen.<\/li>\n<\/ul>\n<ul>\n<li>Menschen fotografieren ohne \u201eerwischt\u201c zu werden (mit 2 verschiedenen Techniken).<\/li>\n<\/ul>\n<ul>\n<li>Kreative Fotogestaltung.<\/li>\n<\/ul>\n<ul>\n<li>Richtiger Umgang mit der Kamera beim Fotografieren von bewegten Motiven und bei verschiedenen Lichtverh\u00e4ltnissen.<\/li>\n<\/ul>\n<p>&nbsp;<\/p>\n<p><strong>Konditionen<\/strong><\/p>\n<p><strong>Einl\u00f6sbarkeit:<\/strong> Bis 31.12.2028<\/p>\n<p><strong>Der Gutschein funktioniert dann mit einem Code, den sie dann an den Beg\u00fcnstigten \u00fcbertragen k\u00f6nnen.<\/strong>\u00a0Der Gutschein wird ihnen dann per E-mail zugesendet. Mit diesem Gutschein kann sich die beschenkte Person dann online jederzeit anmelden.<\/p>\n<p><strong>Terminvereinbarung:<\/strong>\u00a0Verbindlich erforderlich auf unseren\u00a0<a href=\"https:\/\/gh-fotoschule.com\/fotokurse\/events\/\" target=\"_blank\" rel=\"noopener noreferrer\"><strong>Fotokurs-Kalendar<\/strong><\/a>\u00a0mit Angabe des Gutschein-Codes. Terminabsage bis mind. 48 Std. im Voraus. Bei Nichteinhalten des Termins oder versp\u00e4teter Absage wird kein Ersatztermin gew\u00e4hrleistet.<\/p>\n<p><strong>Weitere Informationen:<\/strong>\u00a0F\u00fcr die Fotokurse ist eine eigene Kamera mitzubringen (es ist jedoch auch m\u00f6glich, ohne eine eigene Kamera teilzunehmen).<\/p>\n<p><strong style=\"color: #000000;\">Featuren:<\/strong><\/p>\n<ul>\n<li>3 Stunden Fotokurs in Berlin.<\/li>\n<\/ul>\n<ul>\n<li>Jeder Teilnehmer wird mit der eigenen Fotokamera arbeiten.<\/li>\n<\/ul>\n<ul>\n<li>Der Kurs ist haupts\u00e4chlich praktisch.<\/li>\n<\/ul>\n<ul>\n<li>Maximal 6 Teilnehmer.<\/li>\n<\/ul>\n<p>&nbsp;<\/p>\n<h3><\/h3>\n","protected":false},"excerpt":{"rendered":"<h6><strong><span style=\"color: #000000;\">Dieser Workshop wird Sie und Ihre fotografische Kreativit\u00e4t auf ein h\u00f6heres Niveau bringen.<\/span><\/strong><\/h6>\n<h6><strong><span style=\"color: #000000;\">Lernen Sie die ungeschminkte, authentische Fotografie von Berliner Alltagsszenen! 5 Stunden Fotokurs auf den Stra\u00dfen von Berlin.<\/span><\/strong><\/h6>\n<p><strong>Geeignet f\u00fcr Fotografie-Begeisterte mit Grundkenntnisse.<\/strong><\/p>\n<p>Die Stra\u00dfenfotografie, oder sogenannte \u201estreet-photography\u201c, ist ganz einfach ausgedr\u00fcckt ein unverf\u00e4lschter, ehrlicher Versuch die Sch\u00f6nheit des Allt\u00e4glichen einzufangen \u2013 normale Menschen bei normalen T\u00e4tigkeiten.<\/p>\n<p>Es geht in diesem Kurs darum, die Dinge, die uns t\u00e4glich umgeben und die wir bei aller Betriebsamkeit viel zu oft \u00fcbersehen, bewusster wahrzunehmen und in unseren Bildern festzuhalten.<\/p>\n<p><strong>In diesem Workshop sind digitale Spiegelreflex-, Systemfotokamera-, und analoge 35mm-Filmfotokameras willkommen!<\/strong><\/p>\n<p><strong>Der 5-st\u00fcndige Kurs ist praktisch orientiert und findet drau\u00dfen statt. Fragen sind jederzeit herzlich willkommen!<\/strong><\/p>\n","protected":false},"featured_media":3729,"comment_status":"closed","ping_status":"closed","template":"","meta":[],"product_cat":[64],"product_tag":[],"class_list":{"0":"post-3344","1":"product","2":"type-product","3":"status-publish","4":"has-post-thumbnail","6":"product_cat-unkategorisiert","8":"first","9":"instock","10":"shipping-taxable","11":"purchasable","12":"product-type-simple"},"_links":{"self":[{"href":"https:\/\/gh-fotoschule.com\/fotokurse\/wp-json\/wp\/v2\/product\/3344","targetHints":{"allow":["GET"]}}],"collection":[{"href":"https:\/\/gh-fotoschule.com\/fotokurse\/wp-json\/wp\/v2\/product"}],"about":[{"href":"https:\/\/gh-fotoschule.com\/fotokurse\/wp-json\/wp\/v2\/types\/product"}],"replies":[{"embeddable":true,"href":"https:\/\/gh-fotoschule.com\/fotokurse\/wp-json\/wp\/v2\/comments?post=3344"}],"wp:featuredmedia":[{"embeddable":true,"href":"https:\/\/gh-fotoschule.com\/fotokurse\/wp-json\/wp\/v2\/media\/3729"}],"wp:attachment":[{"href":"https:\/\/gh-fotoschule.com\/fotokurse\/wp-json\/wp\/v2\/media?parent=3344"}],"wp:term":[{"taxonomy":"product_cat","embeddable":true,"href":"https:\/\/gh-fotoschule.com\/fotokurse\/wp-json\/wp\/v2\/product_cat?post=3344"},{"taxonomy":"product_tag","embeddable":true,"href":"https:\/\/gh-fotoschule.com\/fotokurse\/wp-json\/wp\/v2\/product_tag?post=3344"}],"curies":[{"name":"wp","href":"https:\/\/api.w.org\/{rel}","templated":true}]}}