{"id":1934,"date":"2019-10-28T11:33:31","date_gmt":"2019-10-28T11:33:31","guid":{"rendered":"https:\/\/gh-fotoschule.com\/fotokurse\/?post_type=product&#038;p=1934"},"modified":"2024-12-23T00:25:39","modified_gmt":"2024-12-22T22:25:39","slug":"fotografie-fuer-einsteiger-2-gutschein","status":"publish","type":"product","link":"https:\/\/gh-fotoschule.com\/fotokurse\/produkt\/fotografie-fuer-einsteiger-2-gutschein\/","title":{"rendered":"Fotografie f\u00fcr Einsteiger 2. Gutschein."},"content":{"rendered":"<p>[col2]<strong>Nur f\u00fcr Fotografiebegeisterte, die bei dem Kurs \u201cFotografie f\u00fcr Einsteiger\u201doder \u201e3 Std. Fotokurs f\u00fcr Anf\u00e4nger\u201c\u00a0bereits teilgenommen haben. 5 Stunden Fotokurs.<\/strong><\/p>\n<p>In den Kurs Fotografie f\u00fcr Einsteiger haben wir die Grundkenntnisse von der Fotografie gelernt: Was eigentlich eine Fotokamera ist, die wichtigsten Kontrollen um zu fotografieren (Verschlusszeit, Blende und ISO), und Bildgestaltung. F\u00fcr viele von euch soll es nach dem Ensteigerkurs weiter gehen um noch mehr zu lernen, und hier ist der folgende Fotokurs.<\/p>\n<p>Die <strong>GH Fotoschule<\/strong> des international erfahrenen Fotografen Roberto Garcia Hermosilla in der Herzbergstra\u00dfe hat es sich zum Ziel gemacht, das Know-how des Fotografierens mit interessierten Menschen zu teilen. Daher werden neben klassischen Fotokursen f\u00fcr Anf\u00e4nger und <a href=\"https:\/\/gh-fotoschule.com\/fotokurse\/fotografie-fur-fortgeschrittene-2\/\" target=\"_blank\" rel=\"noopener noreferrer\">Fortgeschrittene<\/a> auch Kurse f\u00fcr die <a href=\"https:\/\/gh-fotoschule.com\/fotokurse\/schwarz-weis-entwicklung\/\" target=\"_blank\" rel=\"noopener noreferrer\">Fotoentwicklung in Schwarz-Wei\u00df<\/a> angeboten. F\u00fcr Eltern und Kinder gibt es zus\u00e4tzlich noch einen besonderen Kurs in <a href=\"https:\/\/gh-fotoschule.com\/fotokurse\/alternative-fotografie-2\/\" target=\"_blank\" rel=\"noopener noreferrer\">alternativer Fotografie<\/a>, die ganz ohne Kamera auskommt.<\/p>\n<p>&nbsp;<\/p>\n<p><strong>Kursinhalte:<\/strong><\/p>\n<ul>\n<li>Manuelle Belichtung mit Punktmessung: F\u00fcr komplizierten Aufnahmen mit hohen Kontrast, zum Beispiel: Gegenlicht.<\/li>\n<\/ul>\n<ul>\n<li>A, S und P Belichtungsmodus mit Belichtungskorrekktur.<\/li>\n<\/ul>\n<ul>\n<li>Tiefensch\u00e4rfe und Perspektive mit verschiedenen Objektiven.<\/li>\n<\/ul>\n<ul>\n<li>Arbeiten mit Filter: Skylightfilter, Polfilter, Graufilter, Nahlinsen-Filter, Nebelfilter, Beautyfilter, Cokin filtersystem.<\/li>\n<\/ul>\n<ul>\n<li>RAW Entwicklung: Die RAW Entwicklungssoftware sind ziemlich kompliziert. Wir m\u00fcssen nur ein paar klare Konzepte haben: Zum Beispiel wie arbeiten digitale Sensoren und Filmen mit dem Dynamikbereich, nach einem gewissen Systemvert\u00e4ndnis wird alles unkomplizierter sein.<\/li>\n<\/ul>\n<ul>\n<li>Neuen Tips und Kompositionen um unsere Aufnahmen zu verbessern.<\/li>\n<\/ul>\n<p>[\/col2][col2]<strong>Konditionen<\/strong><\/p>\n<p><strong>Einl\u00f6sbarkeit:<\/strong> Bis 31.12.2028<\/p>\n<p><strong>Der Gutschein funktioniert dann mit einem Code, den sie dann an den Beg\u00fcnstigten \u00fcbertragen k\u00f6nnen.<\/strong> Der Gutschein wird ihnen dann per E-mail und Postweg zugesendet. Mit diesem Gutschein kann sich die beschenkte Person dann online jederzeit anmelden.<\/p>\n<p><strong>Terminvereinbarung:<\/strong> Verbindlich erforderlich auf unseren <a href=\"https:\/\/gh-fotoschule.com\/fotokurse\/events\/\" target=\"_blank\" rel=\"noopener noreferrer\"><strong>Fotokurs-Kalendar<\/strong><\/a> mit Angabe des Gutschein-Codes. Terminabsage bis mind. 48 Std. im Voraus. Bei Nichteinhalten des Termins oder versp\u00e4teter Absage wird kein Ersatztermin gew\u00e4hrleistet.<\/p>\n<p><strong>Weitere Informationen:<\/strong> F\u00fcr die Fotokurse ist eine eigene Kamera mitzubringen (es ist jedoch auch m\u00f6glich, ohne eine eigene Kamera teilzunehmen).<\/p>\n<p>&nbsp;<\/p>\n<p><strong>Featuren:<\/strong><\/p>\n<ul>\n<li>5 Stunden Unterricht.<\/li>\n<\/ul>\n<ul>\n<li>Mineralwasser, Kafee, und Tee werden angeboten.<\/li>\n<\/ul>\n<ul>\n<li>Unterricht maximal 8 Teilnehmer.<\/li>\n<\/ul>\n<ul>\n<li>Theorie und Praxis.<\/li>\n<\/ul>\n<p>[\/col2]<\/p>\n<p>&nbsp;<\/p>\n<h3><\/h3>\n","protected":false},"excerpt":{"rendered":"<h3><span style=\"color: #000000;\"><strong>Nur f\u00fcr Fotografiebegeisterte, die bei dem Kurs \u201cFotografie f\u00fcr Einsteiger\u201d bereits teilgenommen haben. 5 Stunden Fotokurs.\u00a0<\/strong><\/span><\/h3>\n<p>In den Kurs Fotografie f\u00fcr Einsteiger haben wir die Grundkenntnisse von der Fotografie gelernt: Was eigentlich eine Fotokamera ist, die wichtigsten Kontrollen um zu fotografieren (Verschlusszeit, Blende und ISO), und Bildgestaltung. <strong>F\u00fcr viele von euch soll es nach dem Ensteigerkurs weiter gehen um noch mehr zu lernen, und hier ist der folgende Fotokurs.<\/strong><\/p>\n<p><strong>Einl\u00f6sbarkeit:<\/strong> Bis 31.12.2028<\/p>\n<h3><\/h3>\n","protected":false},"featured_media":6646,"comment_status":"closed","ping_status":"closed","template":"","meta":[],"product_cat":[64],"product_tag":[],"class_list":{"0":"post-1934","1":"product","2":"type-product","3":"status-publish","4":"has-post-thumbnail","6":"product_cat-unkategorisiert","8":"first","9":"instock","10":"shipping-taxable","11":"purchasable","12":"product-type-simple"},"_links":{"self":[{"href":"https:\/\/gh-fotoschule.com\/fotokurse\/wp-json\/wp\/v2\/product\/1934","targetHints":{"allow":["GET"]}}],"collection":[{"href":"https:\/\/gh-fotoschule.com\/fotokurse\/wp-json\/wp\/v2\/product"}],"about":[{"href":"https:\/\/gh-fotoschule.com\/fotokurse\/wp-json\/wp\/v2\/types\/product"}],"replies":[{"embeddable":true,"href":"https:\/\/gh-fotoschule.com\/fotokurse\/wp-json\/wp\/v2\/comments?post=1934"}],"wp:featuredmedia":[{"embeddable":true,"href":"https:\/\/gh-fotoschule.com\/fotokurse\/wp-json\/wp\/v2\/media\/6646"}],"wp:attachment":[{"href":"https:\/\/gh-fotoschule.com\/fotokurse\/wp-json\/wp\/v2\/media?parent=1934"}],"wp:term":[{"taxonomy":"product_cat","embeddable":true,"href":"https:\/\/gh-fotoschule.com\/fotokurse\/wp-json\/wp\/v2\/product_cat?post=1934"},{"taxonomy":"product_tag","embeddable":true,"href":"https:\/\/gh-fotoschule.com\/fotokurse\/wp-json\/wp\/v2\/product_tag?post=1934"}],"curies":[{"name":"wp","href":"https:\/\/api.w.org\/{rel}","templated":true}]}}