{"id":1461,"date":"2019-12-01T11:20:08","date_gmt":"2019-12-01T11:20:08","guid":{"rendered":"https:\/\/gh-fotoschule.com\/fotokurse\/?post_type=product&#038;p=1461"},"modified":"2024-12-23T00:24:20","modified_gmt":"2024-12-22T22:24:20","slug":"einzelunterricht-fotografie-gutschein-das-perfekte-geschenk","status":"publish","type":"product","link":"https:\/\/gh-fotoschule.com\/fotokurse\/produkt\/einzelunterricht-fotografie-gutschein-das-perfekte-geschenk\/","title":{"rendered":"Einzelunterricht Fotografie. 5 Stunden Gutschein."},"content":{"rendered":"<p>[col2]<span style=\"color: #800000;\"><strong>Einzelunterricht Kurs. Die Kunst der Fotografie im individuellen Kurs erlernen<\/strong><\/span><strong><span style=\"color: #800000;\">.<\/span> <span style=\"color: #800000;\">5 Stunden Fotokurs.<\/span><\/strong><\/p>\n<p>Wer zu den Zeiten meiner Workshops nicht kann, oder spezielle Fragen rund um das Thema Fotografie hat, der kann den\u00a0<strong>Einzelunterricht Kurs\u00a0<\/strong>buchen. S\u00e4mtliche Themen und W\u00fcnsche sind frei definierbar und k\u00f6nnen an einem Termin Eurer Wahl mit mir durchgenommen werden.<\/p>\n<p>M\u00f6gliche Themen k\u00f6nnen dabei weiterf\u00fchrende Techniken der Fotografie, Kreative Bildbgestaltung, Blitzen oder Bildbearbeitung sein.<\/p>\n<p><span style=\"color: #993300;\"><strong>Einzeltrainings als Geschenk Auch das ist m\u00f6glich.<\/strong><\/span> Jeder der gerne fotografiert wird sich \u00fcber diesen Gutschein mit Sicherheit freuen! Gutscheine k\u00f6nenn direkt auf dieser Seite bestellt werden.<\/p>\n<p>Die <strong>GH Fotoschule<\/strong> des international erfahrenen Fotografen Roberto Garcia Hermosilla in der Winterfeldstr.\u00a0hat es sich zum Ziel gemacht, das Know-how des Fotografierens mit interessierten Menschen zu teilen. Daher werden neben klassischen Fotokursen f\u00fcr Anf\u00e4nger und <a href=\"https:\/\/gh-fotoschule.com\/fotokurse\/fotografie-fur-fortgeschrittene-2\/\" target=\"_blank\" rel=\"noopener noreferrer\">Fortgeschrittene<\/a> auch Kurse f\u00fcr die Stra\u00dfenfotografie angeboten.<\/p>\n<p>[\/col2][col2]<span style=\"color: #800000;\"><strong>Konditionen<\/strong><\/span><\/p>\n<p><span style=\"color: #993300;\"><strong>Einl\u00f6sbarkeit:<\/strong><\/span> Bis 31.12.2028<\/p>\n<p><span style=\"color: #800000;\"><strong>Der Gutschein funktioniert dann mit einem Code, den sie dann an den Beg\u00fcnstigten \u00fcbertragen k\u00f6nnen.<\/strong><\/span> Der Gutschein wird ihnen dann per E-mail und Postweg zugesendet. Mit diesem Gutschein kann sich die beschenkte Person dann online jederzeit anmelden.<\/p>\n<p><span style=\"color: #800000;\"><strong>Terminvereinbarung:<\/strong><\/span>\u00a0Per <a href=\"https:\/\/gh-fotoschule.com\/fotokurse\/kontakt\/\" target=\"_blank\" rel=\"noopener noreferrer\">Telefon<\/a>, <a href=\"https:\/\/gh-fotoschule.com\/fotokurse\/kontakt\/\" target=\"_blank\" rel=\"noopener noreferrer\">E-Mail<\/a> oder <a href=\"https:\/\/gh-fotoschule.com\/fotokurse\/kontakt\/\" target=\"_blank\" rel=\"noopener noreferrer\">Kontaktformular<\/a>.<\/p>\n<p><span style=\"color: #800000;\"><strong>Weitere Informationen:<\/strong><\/span> F\u00fcr die Fotokurse ist eine eigene Kamera mitzubringen (es ist jedoch auch m\u00f6glich, ohne eine eigene Kamera teilzunehmen).<\/p>\n<p>&nbsp;<\/p>\n<p><span style=\"color: #800000;\"><strong>Featuren:<\/strong><\/span><\/p>\n<ul>\n<li>5 Stunden Unterricht.<\/li>\n<\/ul>\n<ul>\n<li>Mineralwasser, Kafee, und Tee werden angeboten.<\/li>\n<\/ul>\n<ul>\n<li>Einzelunterricht.<\/li>\n<\/ul>\n<ul>\n<li>Theorie und Praxis, oder nur Praxis.<\/li>\n<\/ul>\n<p>[\/col2]<\/p>\n<p>&nbsp;<\/p>\n<h3><\/h3>\n","protected":false},"excerpt":{"rendered":"<h3><strong><strong>Einzelunterricht Kurs. Die Kunst der Fotografie im individuellen Kurs erlernen. 5 Stunden Fotokurs.<\/strong><\/strong><\/h3>\n<p><strong>Einl\u00f6sbarkeit:<\/strong> Bis 31.12.2028<\/p>\n","protected":false},"featured_media":6124,"comment_status":"closed","ping_status":"closed","template":"","meta":[],"product_cat":[64],"product_tag":[],"class_list":{"0":"post-1461","1":"product","2":"type-product","3":"status-publish","4":"has-post-thumbnail","6":"product_cat-unkategorisiert","8":"first","9":"instock","10":"shipping-taxable","11":"purchasable","12":"product-type-simple"},"_links":{"self":[{"href":"https:\/\/gh-fotoschule.com\/fotokurse\/wp-json\/wp\/v2\/product\/1461","targetHints":{"allow":["GET"]}}],"collection":[{"href":"https:\/\/gh-fotoschule.com\/fotokurse\/wp-json\/wp\/v2\/product"}],"about":[{"href":"https:\/\/gh-fotoschule.com\/fotokurse\/wp-json\/wp\/v2\/types\/product"}],"replies":[{"embeddable":true,"href":"https:\/\/gh-fotoschule.com\/fotokurse\/wp-json\/wp\/v2\/comments?post=1461"}],"wp:featuredmedia":[{"embeddable":true,"href":"https:\/\/gh-fotoschule.com\/fotokurse\/wp-json\/wp\/v2\/media\/6124"}],"wp:attachment":[{"href":"https:\/\/gh-fotoschule.com\/fotokurse\/wp-json\/wp\/v2\/media?parent=1461"}],"wp:term":[{"taxonomy":"product_cat","embeddable":true,"href":"https:\/\/gh-fotoschule.com\/fotokurse\/wp-json\/wp\/v2\/product_cat?post=1461"},{"taxonomy":"product_tag","embeddable":true,"href":"https:\/\/gh-fotoschule.com\/fotokurse\/wp-json\/wp\/v2\/product_tag?post=1461"}],"curies":[{"name":"wp","href":"https:\/\/api.w.org\/{rel}","templated":true}]}}