{"id":1058,"date":"2019-10-28T15:13:30","date_gmt":"2019-10-28T15:13:30","guid":{"rendered":"https:\/\/gh-fotoschule.com\/fotokurse\/?post_type=product&#038;p=1058"},"modified":"2026-02-06T12:37:53","modified_gmt":"2026-02-06T10:37:53","slug":"fotografie-fuer-fortgeschrittene","status":"publish","type":"product","link":"https:\/\/gh-fotoschule.com\/fotokurse\/produkt\/fotografie-fuer-fortgeschrittene\/","title":{"rendered":"Fotokurs f\u00fcr Fortgeschrittene. Gutschein."},"content":{"rendered":"<p><strong><strong>Bestimmte fotografierichtungen erfordern ihre ganz spezielen Ausr\u00fcstungen und Techniken<\/strong><\/strong><strong>. 5 Stunden Fotokurs.<\/strong><\/p>\n<p>Im Kurs, <strong>\u201e Fotografie f\u00fcr Fortgeschrittene in Berlin\u201c<\/strong> werden wir die Basis der Bedienung einer Spiegel Reflex Kamera oder einer Fotokamera mit manueller Bedienung schnell durchsehen. Dann wird vertieft gelernt: <strong>Manuelle Belichtung mit Punktmessung, Kreative Belichtung, Tiefensch\u00e4rfe mit veschiedene Objektiven, Besondere Projekten wie Nachtfotografie, HDR, Portr\u00e4ts, Reisefotografie, Architektur und Natur.<\/strong> Wir werden auch lernen mit dem Computer zu arbeiten: <strong>Raw Entwicklung.<\/strong> <strong>Und Bildgestaltung und fotografisches sehen lernen<\/strong> durch die Analyse der Arbeit von bekannten Fotografen.<\/p>\n<p>Die <strong>GH Fotoschule<\/strong> des international erfahrenen Fotografen Roberto Garcia Hermosilla \u00a0hat es sich zum Ziel gemacht, das Know-how des Fotografierens mit interessierten Menschen zu teilen. Daher werden neben klassischen Fotokursen f\u00fcr Anf\u00e4nger und <a href=\"https:\/\/gh-fotoschule.com\/fotokurse\/fotografie-fur-fortgeschrittene-2\/\" target=\"_blank\" rel=\"noopener noreferrer\">Fortgeschrittene<\/a> auch Kurse f\u00fcr die <a href=\"https:\/\/gh-fotoschule.com\/fotokurse\/schwarz-weis-entwicklung\/\" target=\"_blank\" rel=\"noopener noreferrer\">Fotoentwicklung in Schwarz-Wei\u00df<\/a> angeboten. F\u00fcr Eltern und Kinder gibt es zus\u00e4tzlich noch einen besonderen Kurs in <a href=\"https:\/\/gh-fotoschule.com\/fotokurse\/alternative-fotografie-2\/\" target=\"_blank\" rel=\"noopener noreferrer\">alternativer Fotografie<\/a>, die ganz ohne Kamera auskommt.<\/p>\n<p>&nbsp;<\/p>\n<p><strong>Featuren:<\/strong><\/p>\n<ul>\n<li>5 Stunden Unterricht.<\/li>\n<\/ul>\n<ul>\n<li>Mineralwasser, Kafee, und Tee werden angeboten.<\/li>\n<\/ul>\n<ul>\n<li>Unterricht maximal 4 Teilnehmer.<\/li>\n<\/ul>\n<ul>\n<li>Theorie und Praxis.<\/li>\n<\/ul>\n<p>&nbsp;<\/p>\n<p><strong>Konditionen<\/strong><\/p>\n<p><strong>Einl\u00f6sbarkeit:<\/strong> Bis 31.12.2028<\/p>\n<p><strong>Der Gutschein funktioniert dann mit einem Code, den sie dann an den Beg\u00fcnstigten \u00fcbertragen k\u00f6nnen.<\/strong> Der Gutschein wird ihnen dann per E-mail und Postweg zugesendet. Mit diesem Gutschein kann sich die beschenkte Person dann online jederzeit anmelden.<\/p>\n<p><strong>Terminvereinbarung:<\/strong> Verbindlich erforderlich auf unseren <a href=\"https:\/\/gh-fotoschule.com\/fotokurse\/events\/\" target=\"_blank\" rel=\"noopener noreferrer\"><strong>Fotokurs-Kalendar<\/strong><\/a> mit Angabe des Gutschein-Codes. Terminabsage bis mind. 48 Std. im Voraus. Bei Nichteinhalten des Termins oder versp\u00e4teter Absage wird kein Ersatztermin gew\u00e4hrleistet.<\/p>\n<p><strong>Weitere Informationen:<\/strong> F\u00fcr die Fotokurse ist eine eigene Kamera mitzubringen (es ist jedoch auch m\u00f6glich, ohne eine eigene Kamera teilzunehmen).<\/p>\n<h3><\/h3>\n","protected":false},"excerpt":{"rendered":"<h6><strong>Bestimmte fotografierichtungen erfordern ihre ganz spezielen Ausr\u00fcstungen und Techniken.<\/strong><\/h6>\n<p><strong>Manuelle Belichtung mit Punktmessung, Kreative Belichtung, Tiefensch\u00e4rfe mit veschiedene Objektiven, Besondere Projekten wie Nachtfotografie, HDR, Portr\u00e4ts, Reisefotografie, Architektur und Natur.<\/strong><\/p>\n<p><strong>Einl\u00f6sbarkeit:<\/strong> Bis 31.12.2028<\/p>\n<p>&nbsp;<\/p>\n","protected":false},"featured_media":9795,"comment_status":"closed","ping_status":"closed","template":"","meta":[],"product_cat":[64],"product_tag":[],"class_list":{"0":"post-1058","1":"product","2":"type-product","3":"status-publish","4":"has-post-thumbnail","6":"product_cat-unkategorisiert","8":"first","9":"instock","10":"shipping-taxable","11":"purchasable","12":"product-type-simple"},"_links":{"self":[{"href":"https:\/\/gh-fotoschule.com\/fotokurse\/wp-json\/wp\/v2\/product\/1058","targetHints":{"allow":["GET"]}}],"collection":[{"href":"https:\/\/gh-fotoschule.com\/fotokurse\/wp-json\/wp\/v2\/product"}],"about":[{"href":"https:\/\/gh-fotoschule.com\/fotokurse\/wp-json\/wp\/v2\/types\/product"}],"replies":[{"embeddable":true,"href":"https:\/\/gh-fotoschule.com\/fotokurse\/wp-json\/wp\/v2\/comments?post=1058"}],"wp:featuredmedia":[{"embeddable":true,"href":"https:\/\/gh-fotoschule.com\/fotokurse\/wp-json\/wp\/v2\/media\/9795"}],"wp:attachment":[{"href":"https:\/\/gh-fotoschule.com\/fotokurse\/wp-json\/wp\/v2\/media?parent=1058"}],"wp:term":[{"taxonomy":"product_cat","embeddable":true,"href":"https:\/\/gh-fotoschule.com\/fotokurse\/wp-json\/wp\/v2\/product_cat?post=1058"},{"taxonomy":"product_tag","embeddable":true,"href":"https:\/\/gh-fotoschule.com\/fotokurse\/wp-json\/wp\/v2\/product_tag?post=1058"}],"curies":[{"name":"wp","href":"https:\/\/api.w.org\/{rel}","templated":true}]}}