{"id":1006,"date":"2023-12-10T11:00:45","date_gmt":"2023-12-10T11:00:45","guid":{"rendered":"https:\/\/gh-fotoschule.com\/fotokurse\/?post_type=product&#038;p=1006"},"modified":"2026-02-06T13:01:35","modified_gmt":"2026-02-06T11:01:35","slug":"fotografie-fuer-einsteiger-in-berlin","status":"publish","type":"product","link":"https:\/\/gh-fotoschule.com\/fotokurse\/produkt\/fotografie-fuer-einsteiger-in-berlin\/","title":{"rendered":"Fotokurs f\u00fcr Einsteiger. Gutschein. Das perfekte Geschenk."},"content":{"rendered":"<p><strong>Basiswissen der Fotografie mit einer digitalen oder analogen Fotokamera. 5 Stunden Fotokurs in Berlin.<\/strong><\/p>\n<p>Ob ein Bild gut oder weniger gut gelingt, wird in erster Linie vom Fotografen beeinflusst. <strong>Ein guter Fotograf kann auch mit einfacheren Kameras hervorragende Bilder machen.<\/strong> Wichtig sind die Kenntnisse \u00fcber die Wirkung der verschiedenen Einstellm\u00f6glichkeiten auf das Bild. Der Kurs vermittelt Grundlagen der Digitalen Fotografie.<\/p>\n<p>Die <strong>GH Fotoschule<\/strong> des international erfahrenen Fotografen Roberto Garcia Hermosilla hat es sich zum Ziel gemacht, das Know-how des Fotografierens mit interessierten Menschen zu teilen.<\/p>\n<p><strong>Featuren:<\/strong><\/p>\n<ul>\n<li>5 Stunden Unterricht.<\/li>\n<\/ul>\n<ul>\n<li>Fotokurs in Berlin.<\/li>\n<\/ul>\n<ul>\n<li>Mineralwasser, Kafee, und Tee werden angeboten.<\/li>\n<\/ul>\n<ul>\n<li>Unterricht maximal 5 Teilnehmer.<\/li>\n<\/ul>\n<ul>\n<li>Theorie und Praxis.<\/li>\n<\/ul>\n<p>&nbsp;<\/p>\n<p><strong>Konditionen<\/strong><\/p>\n<p><strong>Einl\u00f6sbarkeit:<\/strong> Bis 31.12.2028<\/p>\n<p><strong>Der Gutschein funktioniert dann mit einem Code, den sie dann an den Beg\u00fcnstigten \u00fcbertragen k\u00f6nnen.<\/strong> Der Gutschein wird ihnen dann per Post und E-mail zugesendet. Mit diesem Gutschein kann sich die beschenkte Person dann online jederzeit anmelden.<\/p>\n<p><strong>Terminvereinbarung:<\/strong> Verbindlich erforderlich auf unseren <a href=\"https:\/\/gh-fotoschule.com\/fotokurse\/events\/\" target=\"_blank\" rel=\"noopener noreferrer\"><strong>Fotokurs-Kalendar<\/strong><\/a> mit Angabe des Gutschein-Codes. Terminabsage bis mind. 48 Std. im Voraus. Bei Nichteinhalten des Termins oder versp\u00e4teter Absage wird kein Ersatztermin gew\u00e4hrleistet.<\/p>\n<p><strong>Weitere Informationen:<\/strong> F\u00fcr die Fotokurse ist eine eigene Kamera mitzubringen (es ist jedoch auch m\u00f6glich, ohne eine eigene Kamera teilzunehmen).<\/p>\n<p>&nbsp;<\/p>\n<h3><\/h3>\n","protected":false},"excerpt":{"rendered":"<h6><span style=\"color: #000000;\"><strong>Basiswissen der Fotografie mit einer digitalen oder analogen Fotokamera. 5 Stunden Fotokurs.\u00a0<\/strong><\/span><\/h6>\n<p>Objekt<strong> anvisieren, Ausl\u00f6ser dr\u00fccken \u2013 Fotografieren klingt so einfach.<\/strong> Wer nicht nur einfach Schnappsch\u00fcsse, sondern auch mal ausdrucksstarke Bilder machen m\u00f6chte, kommt um einen Fotokurs nicht herum. In der GH Fotoschule kann man sich daf\u00fcr Wissenswertes, Tipps und professionelles Know-how aneignen.<\/p>\n<p><strong>Der Gutschein wird ihnen per Post und E-mail zugesendet.<\/strong><\/p>\n<p><strong>Einl\u00f6sbarkeit:<\/strong> Bis 31.12.2028<\/p>\n<h3><\/h3>\n","protected":false},"featured_media":9798,"comment_status":"closed","ping_status":"closed","template":"","meta":[],"product_cat":[64],"product_tag":[],"class_list":{"0":"post-1006","1":"product","2":"type-product","3":"status-publish","4":"has-post-thumbnail","6":"product_cat-unkategorisiert","8":"first","9":"instock","10":"featured","11":"shipping-taxable","12":"purchasable","13":"product-type-simple"},"_links":{"self":[{"href":"https:\/\/gh-fotoschule.com\/fotokurse\/wp-json\/wp\/v2\/product\/1006","targetHints":{"allow":["GET"]}}],"collection":[{"href":"https:\/\/gh-fotoschule.com\/fotokurse\/wp-json\/wp\/v2\/product"}],"about":[{"href":"https:\/\/gh-fotoschule.com\/fotokurse\/wp-json\/wp\/v2\/types\/product"}],"replies":[{"embeddable":true,"href":"https:\/\/gh-fotoschule.com\/fotokurse\/wp-json\/wp\/v2\/comments?post=1006"}],"wp:featuredmedia":[{"embeddable":true,"href":"https:\/\/gh-fotoschule.com\/fotokurse\/wp-json\/wp\/v2\/media\/9798"}],"wp:attachment":[{"href":"https:\/\/gh-fotoschule.com\/fotokurse\/wp-json\/wp\/v2\/media?parent=1006"}],"wp:term":[{"taxonomy":"product_cat","embeddable":true,"href":"https:\/\/gh-fotoschule.com\/fotokurse\/wp-json\/wp\/v2\/product_cat?post=1006"},{"taxonomy":"product_tag","embeddable":true,"href":"https:\/\/gh-fotoschule.com\/fotokurse\/wp-json\/wp\/v2\/product_tag?post=1006"}],"curies":[{"name":"wp","href":"https:\/\/api.w.org\/{rel}","templated":true}]}}