{"id":5626,"date":"2020-12-10T20:58:45","date_gmt":"2020-12-10T20:58:45","guid":{"rendered":"https:\/\/gh-fotoschule.com\/fotokurse\/?page_id=5626"},"modified":"2020-12-15T23:38:48","modified_gmt":"2020-12-15T23:38:48","slug":"portrait-fotografie-in-berlin","status":"publish","type":"page","link":"https:\/\/gh-fotoschule.com\/fotokurse\/portrait-fotografie-in-berlin\/","title":{"rendered":"Portrait Fotoshooting in Berlin"},"content":{"rendered":"<h2>\u00a0\u00a0 <a href=\"https:\/\/gh-fotoschule.com\/fotokurse\/produkt\/1-stunde-portrait-fotoshooting-gutschein-das-perfekte-geschenk\/\"><img fetchpriority=\"high\" decoding=\"async\" class=\"alignnone size-full wp-image-5774\" src=\"https:\/\/gh-fotoschule.com\/fotokurse\/wp-content\/uploads\/2020\/12\/Portrait-Fotoshooting-Berlin-149-euro.jpg\" alt=\"\" width=\"1000\" height=\"360\" srcset=\"https:\/\/gh-fotoschule.com\/fotokurse\/wp-content\/uploads\/2020\/12\/Portrait-Fotoshooting-Berlin-149-euro.jpg 1000w, https:\/\/gh-fotoschule.com\/fotokurse\/wp-content\/uploads\/2020\/12\/Portrait-Fotoshooting-Berlin-149-euro-300x108.jpg 300w, https:\/\/gh-fotoschule.com\/fotokurse\/wp-content\/uploads\/2020\/12\/Portrait-Fotoshooting-Berlin-149-euro-768x276.jpg 768w, https:\/\/gh-fotoschule.com\/fotokurse\/wp-content\/uploads\/2020\/12\/Portrait-Fotoshooting-Berlin-149-euro-500x180.jpg 500w\" sizes=\"(max-width: 1000px) 100vw, 1000px\" \/><\/a><\/h2>\n<p><img decoding=\"async\" class=\"alignnone size-full wp-image-5534\" src=\"https:\/\/gh-fotoschule.com\/fotokurse\/wp-content\/uploads\/2020\/12\/MG_9825.jpg\" alt=\"\" width=\"1575\" height=\"1050\" srcset=\"https:\/\/gh-fotoschule.com\/fotokurse\/wp-content\/uploads\/2020\/12\/MG_9825.jpg 1575w, https:\/\/gh-fotoschule.com\/fotokurse\/wp-content\/uploads\/2020\/12\/MG_9825-300x200.jpg 300w, https:\/\/gh-fotoschule.com\/fotokurse\/wp-content\/uploads\/2020\/12\/MG_9825-768x512.jpg 768w, https:\/\/gh-fotoschule.com\/fotokurse\/wp-content\/uploads\/2020\/12\/MG_9825-1030x687.jpg 1030w, https:\/\/gh-fotoschule.com\/fotokurse\/wp-content\/uploads\/2020\/12\/MG_9825-500x333.jpg 500w\" sizes=\"(max-width: 1575px) 100vw, 1575px\" \/><\/p>\n<div id='gallery-1' class='gallery galleryid-5626 gallery-columns-8 gallery-size-thumbnail'><figure class='gallery-item'>\n\t\t\t<div class='gallery-icon landscape'>\n\t\t\t\t<a href='https:\/\/gh-fotoschule.com\/fotokurse\/wp-content\/uploads\/2020\/12\/MG_9703.jpg'><img decoding=\"async\" width=\"80\" height=\"80\" src=\"https:\/\/gh-fotoschule.com\/fotokurse\/wp-content\/uploads\/2020\/12\/MG_9703-80x80.jpg\" class=\"attachment-thumbnail size-thumbnail\" alt=\"\" srcset=\"https:\/\/gh-fotoschule.com\/fotokurse\/wp-content\/uploads\/2020\/12\/MG_9703-80x80.jpg 80w, https:\/\/gh-fotoschule.com\/fotokurse\/wp-content\/uploads\/2020\/12\/MG_9703-100x100.jpg 100w\" sizes=\"(max-width: 80px) 100vw, 80px\" \/><\/a>\n\t\t\t<\/div><\/figure><figure class='gallery-item'>\n\t\t\t<div class='gallery-icon portrait'>\n\t\t\t\t<a href='https:\/\/gh-fotoschule.com\/fotokurse\/wp-content\/uploads\/2020\/12\/MG_2968.jpg'><img loading=\"lazy\" decoding=\"async\" width=\"80\" height=\"80\" src=\"https:\/\/gh-fotoschule.com\/fotokurse\/wp-content\/uploads\/2020\/12\/MG_2968-80x80.jpg\" class=\"attachment-thumbnail size-thumbnail\" alt=\"\" srcset=\"https:\/\/gh-fotoschule.com\/fotokurse\/wp-content\/uploads\/2020\/12\/MG_2968-80x80.jpg 80w, https:\/\/gh-fotoschule.com\/fotokurse\/wp-content\/uploads\/2020\/12\/MG_2968-100x100.jpg 100w\" sizes=\"(max-width: 80px) 100vw, 80px\" \/><\/a>\n\t\t\t<\/div><\/figure><figure class='gallery-item'>\n\t\t\t<div class='gallery-icon portrait'>\n\t\t\t\t<a href='https:\/\/gh-fotoschule.com\/fotokurse\/wp-content\/uploads\/2020\/12\/MG_1871.jpg'><img loading=\"lazy\" decoding=\"async\" width=\"80\" height=\"80\" src=\"https:\/\/gh-fotoschule.com\/fotokurse\/wp-content\/uploads\/2020\/12\/MG_1871-80x80.jpg\" class=\"attachment-thumbnail size-thumbnail\" alt=\"\" srcset=\"https:\/\/gh-fotoschule.com\/fotokurse\/wp-content\/uploads\/2020\/12\/MG_1871-80x80.jpg 80w, https:\/\/gh-fotoschule.com\/fotokurse\/wp-content\/uploads\/2020\/12\/MG_1871-100x100.jpg 100w\" sizes=\"(max-width: 80px) 100vw, 80px\" \/><\/a>\n\t\t\t<\/div><\/figure><figure class='gallery-item'>\n\t\t\t<div class='gallery-icon landscape'>\n\t\t\t\t<a href='https:\/\/gh-fotoschule.com\/fotokurse\/wp-content\/uploads\/2020\/12\/IMG_6752.jpg'><img loading=\"lazy\" decoding=\"async\" width=\"80\" height=\"80\" src=\"https:\/\/gh-fotoschule.com\/fotokurse\/wp-content\/uploads\/2020\/12\/IMG_6752-80x80.jpg\" class=\"attachment-thumbnail size-thumbnail\" alt=\"\" srcset=\"https:\/\/gh-fotoschule.com\/fotokurse\/wp-content\/uploads\/2020\/12\/IMG_6752-80x80.jpg 80w, https:\/\/gh-fotoschule.com\/fotokurse\/wp-content\/uploads\/2020\/12\/IMG_6752-100x100.jpg 100w\" sizes=\"(max-width: 80px) 100vw, 80px\" \/><\/a>\n\t\t\t<\/div><\/figure><figure class='gallery-item'>\n\t\t\t<div class='gallery-icon landscape'>\n\t\t\t\t<a href='https:\/\/gh-fotoschule.com\/fotokurse\/wp-content\/uploads\/2020\/12\/MG_9819.jpg'><img loading=\"lazy\" decoding=\"async\" width=\"80\" height=\"80\" src=\"https:\/\/gh-fotoschule.com\/fotokurse\/wp-content\/uploads\/2020\/12\/MG_9819-80x80.jpg\" class=\"attachment-thumbnail size-thumbnail\" alt=\"\" srcset=\"https:\/\/gh-fotoschule.com\/fotokurse\/wp-content\/uploads\/2020\/12\/MG_9819-80x80.jpg 80w, https:\/\/gh-fotoschule.com\/fotokurse\/wp-content\/uploads\/2020\/12\/MG_9819-100x100.jpg 100w\" sizes=\"(max-width: 80px) 100vw, 80px\" \/><\/a>\n\t\t\t<\/div><\/figure><figure class='gallery-item'>\n\t\t\t<div class='gallery-icon landscape'>\n\t\t\t\t<a href='https:\/\/gh-fotoschule.com\/fotokurse\/wp-content\/uploads\/2020\/12\/MG_9002.jpg'><img loading=\"lazy\" decoding=\"async\" width=\"80\" height=\"80\" src=\"https:\/\/gh-fotoschule.com\/fotokurse\/wp-content\/uploads\/2020\/12\/MG_9002-80x80.jpg\" class=\"attachment-thumbnail size-thumbnail\" alt=\"\" srcset=\"https:\/\/gh-fotoschule.com\/fotokurse\/wp-content\/uploads\/2020\/12\/MG_9002-80x80.jpg 80w, https:\/\/gh-fotoschule.com\/fotokurse\/wp-content\/uploads\/2020\/12\/MG_9002-100x100.jpg 100w\" sizes=\"(max-width: 80px) 100vw, 80px\" \/><\/a>\n\t\t\t<\/div><\/figure><figure class='gallery-item'>\n\t\t\t<div class='gallery-icon landscape'>\n\t\t\t\t<a href='https:\/\/gh-fotoschule.com\/fotokurse\/wp-content\/uploads\/2020\/12\/MG_9266.jpg'><img loading=\"lazy\" decoding=\"async\" width=\"80\" height=\"80\" src=\"https:\/\/gh-fotoschule.com\/fotokurse\/wp-content\/uploads\/2020\/12\/MG_9266-80x80.jpg\" class=\"attachment-thumbnail size-thumbnail\" alt=\"\" srcset=\"https:\/\/gh-fotoschule.com\/fotokurse\/wp-content\/uploads\/2020\/12\/MG_9266-80x80.jpg 80w, https:\/\/gh-fotoschule.com\/fotokurse\/wp-content\/uploads\/2020\/12\/MG_9266-100x100.jpg 100w\" sizes=\"(max-width: 80px) 100vw, 80px\" \/><\/a>\n\t\t\t<\/div><\/figure><figure class='gallery-item'>\n\t\t\t<div class='gallery-icon landscape'>\n\t\t\t\t<a href='https:\/\/gh-fotoschule.com\/fotokurse\/wp-content\/uploads\/2020\/12\/MG_8749.jpg'><img loading=\"lazy\" decoding=\"async\" width=\"80\" height=\"80\" src=\"https:\/\/gh-fotoschule.com\/fotokurse\/wp-content\/uploads\/2020\/12\/MG_8749-80x80.jpg\" class=\"attachment-thumbnail size-thumbnail\" alt=\"\" srcset=\"https:\/\/gh-fotoschule.com\/fotokurse\/wp-content\/uploads\/2020\/12\/MG_8749-80x80.jpg 80w, https:\/\/gh-fotoschule.com\/fotokurse\/wp-content\/uploads\/2020\/12\/MG_8749-100x100.jpg 100w\" sizes=\"(max-width: 80px) 100vw, 80px\" \/><\/a>\n\t\t\t<\/div><\/figure>\n\t\t<\/div>\n\n<h2><span style=\"color: #000000;\"><strong>Portrait Fotoshooting in der Stadt oder in der Natur.<\/strong><\/span><\/h2>\n<p><span style=\"color: #000000;\"><strong>Naturelles Lichts ist das beste Licht. Berlin das beste Hintergrund. Lass mir dies benutzen und einzigerartig Bilder zu bekommen.<br \/>\n<\/strong><\/span><\/p>\n<p><strong><span style=\"color: #000000;\">Fotostudios sind mir eher langweilig und kalt. Berlin ist eine tolle Stadt: Das Beste Hintergrund um voll lebendige Portraits zu machen. Die Stadt und Menschen herunter uns als Hintergrund.<\/span><br \/>\n<\/strong><\/p>\n<h2>[info]<span style=\"color: #ff0000;\"><strong><a style=\"color: #ff0000;\" href=\"https:\/\/gh-fotoschule.com\/fotokurse\/portrait-fotoshooting-gutscheine\/\">Geschenk Gutschein buchen <\/a><\/strong><\/span>[\/info]<\/h2>\n<p>In meinen Portr\u00e4t Fotoshootings m\u00f6chte ich ehrliche, unkomplizierte Bilder erhalten. Ich habe aber auch eine Leidenschaft daf\u00fcr, Momente vom Typ \u201edazwischen\u201c festzuhalten, die nat\u00fcrlich vorkommen, da dies manchmal die Bilder sind, die sich am authentischsten anf\u00fchlen. Es ist gro\u00dfartig, ein bisschen von beidem zu machen und nur unterschiedliche Stimmungen zu zeigen und ihre emotionale Bandbreite zu bekommen.<\/p>\n<p>Die meisten von uns f\u00fchlen sich beim Fotografieren etwas unwohl. Mit der F\u00e4higkeit, Menschen zu beruhigen und ein lustiges, professionelles Fotoshooting zu erstellen, produziere ich ansprechende und individuelle Portr\u00e4ts.<\/p>\n<p>Eine entspannte Atmosph\u00e4re tr\u00e4gt dazu bei, einen Portr\u00e4tstil zu kreieren, der die Pers\u00f6nlichkeit des Motivs hervorhebt und zu Bildern mit h\u00f6herer Qualit\u00e4t f\u00fchrt.<\/p>\n<div class=\"contenfeature2\">\n<p><strong><span style=\"color: #000000;\">Featuren:<\/span><\/strong><\/p>\n<ul>\n<li><span style=\"color: #000000;\">Fotoshooting zu Hause, in der Stadt oder in der Natur.<\/span><\/li>\n<li><span style=\"color: #000000;\">Profesionelles, softes Licht (Falls die Sonne fehlt).<\/span><\/li>\n<li><span style=\"color: #000000;\">Vielzahl von Posen.<\/span><\/li>\n<li><span style=\"color: #000000;\">Fotos in Farbe und Schwarz-Wei\u00df.<\/span><\/li>\n<li><span style=\"color: #000000;\">Die Auswahl der Bilder erfolgt zuvor in einer passwortgesch\u00fctzten Online Galerie.<\/span><\/li>\n<li><span style=\"color: #000000;\">Ausgew\u00e4hlte Bilder als digitale Datei zum herunterladen.<\/span><\/li>\n<\/ul>\n<p><strong><span style=\"color: #000000;\">Art von Portrait Fotografie:<\/span><\/strong><\/p>\n<ul>\n<li><span style=\"color: #000000;\">Portrait von Menschen in der Stadt oder in der Natur.<\/span><\/li>\n<li><span style=\"color: #000000;\">Nur privat Kunden. Kommerzielle nicht in Preis inklusive. Fotografie nach Anfrage.<\/span><\/li>\n<li><span style=\"color: #000000;\">Hochzeiten, Tafe, und Sportfotos nicht in Preis inklusive. Nach Anfrage.<\/span><strong><br \/>\n<\/strong><\/li>\n<\/ul>\n<\/div>\n<div class=\"contenpreise2\">\n<p><span style=\"color: #000000;\"><strong>Preise:<\/strong><\/span><\/p>\n<ul>\n<li><strong><span style=\"color: #000000;\">1 Stunde Fotoshooting.<\/span> Inklusive 3 profesionell bearbeitete Fotos: <span style=\"color: #ff0000;\">149\u20ac<\/span><\/strong><\/li>\n<li><strong><span style=\"color: #000000;\">1,5 Stunde Fotoshooting.<\/span> Inklusive 12 profesionell bearbeitete Fotos: <span style=\"color: #ff0000;\">199\u20ac<\/span><\/strong><\/li>\n<li><strong><span style=\"color: #000000;\">2 Stunde Fotoshooting.<\/span> Inklusive 25 profesionell bearbeitete Fotos: <span style=\"color: #ff0000;\">299\u20ac<\/span><\/strong><\/li>\n<li><strong><span style=\"color: #000000;\">Jede weiteres Bild:<\/span> <span style=\"color: #ff0000;\">9\u20ac<\/span><\/strong><\/li>\n<\/ul>\n<\/div>\n<div class=\"contentermin\">\n<p><strong><span style=\"color: #000000;\">Um einen Termin zu machen, melden Sie sich bitte per:<\/span><\/strong><\/p>\n<p><strong><span style=\"color: #000000;\">Telefon:<\/span><\/strong> 030 22431416<\/p>\n<p><span style=\"color: #000000;\"><strong>Whatsapp:<\/strong><\/span> 0176 3159 9438<\/p>\n<p><span style=\"color: #000000;\"><strong>E-mail:<\/strong><\/span> info@gh-fotoschule.com<\/p>\n<p>oder <a href=\"https:\/\/gh-fotoschule.com\/fotokurse\/kontakt\/\"><strong><span style=\"color: #000000;\">Kontaktformular<\/span><\/strong><\/a><\/p>\n<\/div>\n<h1><span style=\"color: #ff0000;\"><strong>Geschenkgutschein:<\/strong><\/span><\/h1>\n<h1>\u00a0 <a href=\"https:\/\/gh-fotoschule.com\/fotokurse\/produkt\/1-stunde-portrait-fotoshooting-gutschein-das-perfekte-geschenk\/\"><img fetchpriority=\"high\" decoding=\"async\" class=\"alignnone size-full wp-image-5774\" src=\"https:\/\/gh-fotoschule.com\/fotokurse\/wp-content\/uploads\/2020\/12\/Portrait-Fotoshooting-Berlin-149-euro.jpg\" alt=\"\" width=\"1000\" height=\"360\" srcset=\"https:\/\/gh-fotoschule.com\/fotokurse\/wp-content\/uploads\/2020\/12\/Portrait-Fotoshooting-Berlin-149-euro.jpg 1000w, https:\/\/gh-fotoschule.com\/fotokurse\/wp-content\/uploads\/2020\/12\/Portrait-Fotoshooting-Berlin-149-euro-300x108.jpg 300w, https:\/\/gh-fotoschule.com\/fotokurse\/wp-content\/uploads\/2020\/12\/Portrait-Fotoshooting-Berlin-149-euro-768x276.jpg 768w, https:\/\/gh-fotoschule.com\/fotokurse\/wp-content\/uploads\/2020\/12\/Portrait-Fotoshooting-Berlin-149-euro-500x180.jpg 500w\" sizes=\"(max-width: 1000px) 100vw, 1000px\" \/><\/a><a href=\"https:\/\/gh-fotoschule.com\/fotokurse\/produkt\/15-stunden-portrait-fotoshooting-gutschein-das-perfekte-geschenk\/\"><img loading=\"lazy\" decoding=\"async\" class=\"alignnone size-full wp-image-5773\" src=\"https:\/\/gh-fotoschule.com\/fotokurse\/wp-content\/uploads\/2020\/12\/Portrait-Fotoshooting-Berlin-199-euro.jpg\" alt=\"\" width=\"1000\" height=\"360\" srcset=\"https:\/\/gh-fotoschule.com\/fotokurse\/wp-content\/uploads\/2020\/12\/Portrait-Fotoshooting-Berlin-199-euro.jpg 1000w, https:\/\/gh-fotoschule.com\/fotokurse\/wp-content\/uploads\/2020\/12\/Portrait-Fotoshooting-Berlin-199-euro-300x108.jpg 300w, https:\/\/gh-fotoschule.com\/fotokurse\/wp-content\/uploads\/2020\/12\/Portrait-Fotoshooting-Berlin-199-euro-768x276.jpg 768w, https:\/\/gh-fotoschule.com\/fotokurse\/wp-content\/uploads\/2020\/12\/Portrait-Fotoshooting-Berlin-199-euro-500x180.jpg 500w\" sizes=\"(max-width: 1000px) 100vw, 1000px\" \/><\/a><\/h1>\n<p><a href=\"https:\/\/gh-fotoschule.com\/fotokurse\/produkt\/2-stunden-portrait-fotoshooting-gutschein-das-perfekte-geschenk\/\"><img loading=\"lazy\" decoding=\"async\" class=\"alignnone size-full wp-image-5772\" src=\"https:\/\/gh-fotoschule.com\/fotokurse\/wp-content\/uploads\/2020\/12\/Portrait-Fotoshooting-Berlin-299-euro.jpg\" alt=\"\" width=\"1000\" height=\"360\" srcset=\"https:\/\/gh-fotoschule.com\/fotokurse\/wp-content\/uploads\/2020\/12\/Portrait-Fotoshooting-Berlin-299-euro.jpg 1000w, https:\/\/gh-fotoschule.com\/fotokurse\/wp-content\/uploads\/2020\/12\/Portrait-Fotoshooting-Berlin-299-euro-300x108.jpg 300w, https:\/\/gh-fotoschule.com\/fotokurse\/wp-content\/uploads\/2020\/12\/Portrait-Fotoshooting-Berlin-299-euro-768x276.jpg 768w, https:\/\/gh-fotoschule.com\/fotokurse\/wp-content\/uploads\/2020\/12\/Portrait-Fotoshooting-Berlin-299-euro-500x180.jpg 500w\" sizes=\"(max-width: 1000px) 100vw, 1000px\" \/><\/a><\/p>\n<h3><\/h3>\n<h3><\/h3>\n<h3>[info]Auch Buchbar:[\/info]<\/h3>\n<p><a href=\"https:\/\/gh-fotoschule.com\/fotokurse\/fotoshooting-buchen\/\"><img loading=\"lazy\" decoding=\"async\" class=\"alignnone size-full wp-image-5736\" src=\"https:\/\/gh-fotoschule.com\/fotokurse\/wp-content\/uploads\/2020\/12\/fotoshooting-berlin-baby-1-Stunde-2.jpg\" alt=\"\" width=\"1000\" height=\"360\" \/><\/a><\/p>\n<h2><\/h2>\n","protected":false},"excerpt":{"rendered":"<p>\u00a0\u00a0 Portrait Fotoshooting in der Stadt oder in der Natur. Naturelles Lichts ist das beste Licht. Berlin das beste Hintergrund. Lass mir dies benutzen und einzigerartig Bilder zu bekommen. Fotostudios sind mir eher langweilig und kalt. Berlin ist eine tolle Stadt: Das Beste Hintergrund um voll lebendige Portraits zu machen. Die Stadt und Menschen herunter [&hellip;]<\/p>\n","protected":false},"author":9,"featured_media":0,"parent":0,"menu_order":0,"comment_status":"closed","ping_status":"closed","template":"","meta":{"footnotes":""},"class_list":["post-5626","page","type-page","status-publish","hentry"],"_links":{"self":[{"href":"https:\/\/gh-fotoschule.com\/fotokurse\/wp-json\/wp\/v2\/pages\/5626","targetHints":{"allow":["GET"]}}],"collection":[{"href":"https:\/\/gh-fotoschule.com\/fotokurse\/wp-json\/wp\/v2\/pages"}],"about":[{"href":"https:\/\/gh-fotoschule.com\/fotokurse\/wp-json\/wp\/v2\/types\/page"}],"author":[{"embeddable":true,"href":"https:\/\/gh-fotoschule.com\/fotokurse\/wp-json\/wp\/v2\/users\/9"}],"replies":[{"embeddable":true,"href":"https:\/\/gh-fotoschule.com\/fotokurse\/wp-json\/wp\/v2\/comments?post=5626"}],"version-history":[{"count":0,"href":"https:\/\/gh-fotoschule.com\/fotokurse\/wp-json\/wp\/v2\/pages\/5626\/revisions"}],"wp:attachment":[{"href":"https:\/\/gh-fotoschule.com\/fotokurse\/wp-json\/wp\/v2\/media?parent=5626"}],"curies":[{"name":"wp","href":"https:\/\/api.w.org\/{rel}","templated":true}]}}