{"id":5476,"date":"2020-12-09T19:17:13","date_gmt":"2020-12-09T19:17:13","guid":{"rendered":"https:\/\/gh-fotoschule.com\/fotokurse\/?page_id=5476"},"modified":"2023-03-31T11:47:30","modified_gmt":"2023-03-31T11:47:30","slug":"fotoshooting-buchen","status":"publish","type":"page","link":"https:\/\/gh-fotoschule.com\/fotokurse\/fotoshooting-buchen\/","title":{"rendered":"Baby Fotoshooting in Berlin"},"content":{"rendered":"<h4 class=\"wp-block-heading\">Die Fotoshootings finden ab 18. Januar 2021 statt!<\/h4><p><a href=\"https:\/\/gh-fotoschule.com\/fotokurse\/produkt\/baby-fotoshooting-gutschein-das-perfekte-geschenk\/\"><img fetchpriority=\"high\" decoding=\"async\" class=\"alignnone wp-image-6603 size-full\" src=\"https:\/\/gh-fotoschule.com\/fotokurse\/wp-content\/uploads\/2023\/03\/fotoshooting-berlin-baby-1-Stunde-199-2023-1.jpg\" alt=\"\" width=\"1000\" height=\"360\" srcset=\"https:\/\/gh-fotoschule.com\/fotokurse\/wp-content\/uploads\/2023\/03\/fotoshooting-berlin-baby-1-Stunde-199-2023-1.jpg 1000w, https:\/\/gh-fotoschule.com\/fotokurse\/wp-content\/uploads\/2023\/03\/fotoshooting-berlin-baby-1-Stunde-199-2023-1-300x108.jpg 300w, https:\/\/gh-fotoschule.com\/fotokurse\/wp-content\/uploads\/2023\/03\/fotoshooting-berlin-baby-1-Stunde-199-2023-1-768x276.jpg 768w, https:\/\/gh-fotoschule.com\/fotokurse\/wp-content\/uploads\/2023\/03\/fotoshooting-berlin-baby-1-Stunde-199-2023-1-500x180.jpg 500w\" sizes=\"(max-width: 1000px) 100vw, 1000px\" \/><\/a><\/p>\n<p><img decoding=\"async\" class=\"alignnone wp-image-5485 size-full\" src=\"https:\/\/gh-fotoschule.com\/fotokurse\/wp-content\/uploads\/2020\/12\/MG_0827.jpg\" alt=\"\" width=\"4724\" height=\"3149\" srcset=\"https:\/\/gh-fotoschule.com\/fotokurse\/wp-content\/uploads\/2020\/12\/MG_0827.jpg 4724w, https:\/\/gh-fotoschule.com\/fotokurse\/wp-content\/uploads\/2020\/12\/MG_0827-300x200.jpg 300w, https:\/\/gh-fotoschule.com\/fotokurse\/wp-content\/uploads\/2020\/12\/MG_0827-768x512.jpg 768w, https:\/\/gh-fotoschule.com\/fotokurse\/wp-content\/uploads\/2020\/12\/MG_0827-1030x687.jpg 1030w, https:\/\/gh-fotoschule.com\/fotokurse\/wp-content\/uploads\/2020\/12\/MG_0827-500x333.jpg 500w\" sizes=\"(max-width: 4724px) 100vw, 4724px\" \/><\/p>\n<div id='gallery-1' class='gallery galleryid-5476 gallery-columns-8 gallery-size-thumbnail'><figure class='gallery-item'>\n\t\t\t<div class='gallery-icon landscape'>\n\t\t\t\t<a href='https:\/\/gh-fotoschule.com\/fotokurse\/wp-content\/uploads\/2020\/12\/MG_0756-2.jpg'><img decoding=\"async\" width=\"80\" height=\"80\" src=\"https:\/\/gh-fotoschule.com\/fotokurse\/wp-content\/uploads\/2020\/12\/MG_0756-2-80x80.jpg\" class=\"attachment-thumbnail size-thumbnail\" alt=\"\" srcset=\"https:\/\/gh-fotoschule.com\/fotokurse\/wp-content\/uploads\/2020\/12\/MG_0756-2-80x80.jpg 80w, https:\/\/gh-fotoschule.com\/fotokurse\/wp-content\/uploads\/2020\/12\/MG_0756-2-100x100.jpg 100w\" sizes=\"(max-width: 80px) 100vw, 80px\" \/><\/a>\n\t\t\t<\/div><\/figure><figure class='gallery-item'>\n\t\t\t<div class='gallery-icon landscape'>\n\t\t\t\t<a href='https:\/\/gh-fotoschule.com\/fotokurse\/wp-content\/uploads\/2020\/12\/MG_7011-2.jpg'><img loading=\"lazy\" decoding=\"async\" width=\"80\" height=\"80\" src=\"https:\/\/gh-fotoschule.com\/fotokurse\/wp-content\/uploads\/2020\/12\/MG_7011-2-80x80.jpg\" class=\"attachment-thumbnail size-thumbnail\" alt=\"\" srcset=\"https:\/\/gh-fotoschule.com\/fotokurse\/wp-content\/uploads\/2020\/12\/MG_7011-2-80x80.jpg 80w, https:\/\/gh-fotoschule.com\/fotokurse\/wp-content\/uploads\/2020\/12\/MG_7011-2-100x100.jpg 100w\" sizes=\"(max-width: 80px) 100vw, 80px\" \/><\/a>\n\t\t\t<\/div><\/figure><figure class='gallery-item'>\n\t\t\t<div class='gallery-icon landscape'>\n\t\t\t\t<a href='https:\/\/gh-fotoschule.com\/fotokurse\/wp-content\/uploads\/2020\/12\/MG_5960.jpg'><img loading=\"lazy\" decoding=\"async\" width=\"80\" height=\"80\" src=\"https:\/\/gh-fotoschule.com\/fotokurse\/wp-content\/uploads\/2020\/12\/MG_5960-80x80.jpg\" class=\"attachment-thumbnail size-thumbnail\" alt=\"\" srcset=\"https:\/\/gh-fotoschule.com\/fotokurse\/wp-content\/uploads\/2020\/12\/MG_5960-80x80.jpg 80w, https:\/\/gh-fotoschule.com\/fotokurse\/wp-content\/uploads\/2020\/12\/MG_5960-100x100.jpg 100w\" sizes=\"(max-width: 80px) 100vw, 80px\" \/><\/a>\n\t\t\t<\/div><\/figure><figure class='gallery-item'>\n\t\t\t<div class='gallery-icon landscape'>\n\t\t\t\t<a href='https:\/\/gh-fotoschule.com\/fotokurse\/wp-content\/uploads\/2020\/12\/MG_5817.jpg'><img loading=\"lazy\" decoding=\"async\" width=\"80\" height=\"80\" src=\"https:\/\/gh-fotoschule.com\/fotokurse\/wp-content\/uploads\/2020\/12\/MG_5817-80x80.jpg\" class=\"attachment-thumbnail size-thumbnail\" alt=\"\" srcset=\"https:\/\/gh-fotoschule.com\/fotokurse\/wp-content\/uploads\/2020\/12\/MG_5817-80x80.jpg 80w, https:\/\/gh-fotoschule.com\/fotokurse\/wp-content\/uploads\/2020\/12\/MG_5817-100x100.jpg 100w\" sizes=\"(max-width: 80px) 100vw, 80px\" \/><\/a>\n\t\t\t<\/div><\/figure><figure class='gallery-item'>\n\t\t\t<div class='gallery-icon landscape'>\n\t\t\t\t<a href='https:\/\/gh-fotoschule.com\/fotokurse\/wp-content\/uploads\/2020\/12\/MG_5784-2.jpg'><img loading=\"lazy\" decoding=\"async\" width=\"80\" height=\"80\" src=\"https:\/\/gh-fotoschule.com\/fotokurse\/wp-content\/uploads\/2020\/12\/MG_5784-2-80x80.jpg\" class=\"attachment-thumbnail size-thumbnail\" alt=\"\" srcset=\"https:\/\/gh-fotoschule.com\/fotokurse\/wp-content\/uploads\/2020\/12\/MG_5784-2-80x80.jpg 80w, https:\/\/gh-fotoschule.com\/fotokurse\/wp-content\/uploads\/2020\/12\/MG_5784-2-100x100.jpg 100w\" sizes=\"(max-width: 80px) 100vw, 80px\" \/><\/a>\n\t\t\t<\/div><\/figure><figure class='gallery-item'>\n\t\t\t<div class='gallery-icon landscape'>\n\t\t\t\t<a href='https:\/\/gh-fotoschule.com\/fotokurse\/wp-content\/uploads\/2020\/12\/MG_0709-1.jpg'><img loading=\"lazy\" decoding=\"async\" width=\"80\" height=\"80\" src=\"https:\/\/gh-fotoschule.com\/fotokurse\/wp-content\/uploads\/2020\/12\/MG_0709-1-80x80.jpg\" class=\"attachment-thumbnail size-thumbnail\" alt=\"\" srcset=\"https:\/\/gh-fotoschule.com\/fotokurse\/wp-content\/uploads\/2020\/12\/MG_0709-1-80x80.jpg 80w, https:\/\/gh-fotoschule.com\/fotokurse\/wp-content\/uploads\/2020\/12\/MG_0709-1-100x100.jpg 100w\" sizes=\"(max-width: 80px) 100vw, 80px\" \/><\/a>\n\t\t\t<\/div><\/figure><figure class='gallery-item'>\n\t\t\t<div class='gallery-icon landscape'>\n\t\t\t\t<a href='https:\/\/gh-fotoschule.com\/fotokurse\/wp-content\/uploads\/2020\/12\/MG_0749.jpg'><img loading=\"lazy\" decoding=\"async\" width=\"80\" height=\"80\" src=\"https:\/\/gh-fotoschule.com\/fotokurse\/wp-content\/uploads\/2020\/12\/MG_0749-80x80.jpg\" class=\"attachment-thumbnail size-thumbnail\" alt=\"\" srcset=\"https:\/\/gh-fotoschule.com\/fotokurse\/wp-content\/uploads\/2020\/12\/MG_0749-80x80.jpg 80w, https:\/\/gh-fotoschule.com\/fotokurse\/wp-content\/uploads\/2020\/12\/MG_0749-100x100.jpg 100w\" sizes=\"(max-width: 80px) 100vw, 80px\" \/><\/a>\n\t\t\t<\/div><\/figure><figure class='gallery-item'>\n\t\t\t<div class='gallery-icon landscape'>\n\t\t\t\t<a href='https:\/\/gh-fotoschule.com\/fotokurse\/wp-content\/uploads\/2020\/12\/MG_5972.jpg'><img loading=\"lazy\" decoding=\"async\" width=\"80\" height=\"80\" src=\"https:\/\/gh-fotoschule.com\/fotokurse\/wp-content\/uploads\/2020\/12\/MG_5972-80x80.jpg\" class=\"attachment-thumbnail size-thumbnail\" alt=\"\" srcset=\"https:\/\/gh-fotoschule.com\/fotokurse\/wp-content\/uploads\/2020\/12\/MG_5972-80x80.jpg 80w, https:\/\/gh-fotoschule.com\/fotokurse\/wp-content\/uploads\/2020\/12\/MG_5972-100x100.jpg 100w\" sizes=\"(max-width: 80px) 100vw, 80px\" \/><\/a>\n\t\t\t<\/div><\/figure>\n\t\t<\/div>\n\n<p>\u00a0<\/p>\n<h2><strong><span style=\"color: #000000;\">Babyfotografie bei euch zu Hause, in der Stadt oder in der Natur.<\/span><\/strong><\/h2>\n<p><strong style=\"color: #000000;\">Wenn Ihr Baby auf die Welt kommt, ist der neugeborene Baby Ihrer Familie wertvoll.<\/strong><\/p>\n<p><strong style=\"color: #000000;\">Das Verlassen des Hauses klingt wahrscheinlich unattraktiv: Besucher kommen zu Ihnen, Eink\u00e4ufe werden online get\u00e4tigt und an Ihre T\u00fcr geliefert, Bindung und Schlaf stehen ganz oben auf Ihrer Priorit\u00e4tenliste.<\/strong><\/p>\n<p><strong style=\"color: #000000;\">Lassen Sie den Fotografen zu Ihnen kommen, anstatt eine Expedition in ein lokales Studio zu unternehmen, und lassen Sie Ihre Neugeborenen zu Hause fotografieren.<\/strong><\/p>\n<h2>[info]<span style=\"color: #ff0000;\"><strong><a style=\"color: #ff0000;\" href=\"https:\/\/gh-fotoschule.com\/fotokurse\/baby-fotoshooting-gutscheine\/\">Geschenk Gutschein buchen <\/a><\/strong><\/span>[\/info]<\/h2><div class=\"wp-block-columns has-2-columns is-layout-flex wp-container-core-columns-is-layout-28f84493 wp-block-columns-is-layout-flex\"><div class=\"wp-block-column is-layout-flow wp-block-column-is-layout-flow\"><p class=\"has-text-color has-very-dark-gray-color\"><strong>Mein fotografischer Stil verk\u00f6rpert echte Momente, die die Geschichte Ihrer Familie erz\u00e4hlen. Mit einem Auge f\u00fcr authentische Momente und einzigartige Perspektiven nehmen ich Fotos von Neugeborenen und Familie auf, die sch\u00f6n, intim und emotional sind.<\/strong><\/p>\n\n<p class=\"has-text-color has-very-dark-gray-color\"><strong>Neugeborenen-Sitzungen dauern in der Regel zwei Stunden,<\/strong> sodass gen\u00fcgend Zeit f\u00fcr F\u00fctterungen und Windelwechsel bleibt, damit Ihr Baby zufrieden bleibt.<strong> Ich erfasse eine Vielzahl von Posen f\u00fcr Neugeborene und erfasse gleichzeitig die s\u00fc\u00dfen, winzigen Details, die Ihr Baby einzigartig machen.<\/strong> Die Sitzungen sind f\u00fcr den Morgen oder den fr\u00fchen Nachmittag f\u00fcr weiche, leuchtende nat\u00fcrliche Licht geplant.<\/p>\n\n<p>Das Fotoshooting ist nur der Anfang der Erstellung Ihrer personalisiert Kunstwerk.<strong> Nach Ihrer Sitzung verbringe ich viel Zeit damit, die besten Bilder f\u00fcr Ihre Galerie zu kuratieren und nachzubearbeiten.<\/strong> F\u00fcr jede Minute, die wir zusammen verbringen, verbringe ich viel mehr hinter den Kulissen, wodurch Ihre Bilder und Ihr Gesamterlebnis au\u00dfergew\u00f6hnlich werden.<\/p>\n\n<p><strong>Innerhalb 1 Woche nach Ihrer Sitzung erhalten Sie einen Link zu Ihrer privaten Galerie<\/strong> mit wundersch\u00f6n bearbeiteten portr\u00e4ts, um Ihre Bestellauswahl zu treffen.<\/p>\n\n<p>Ich freue mich auf Euch!<\/p><\/div>\n\n<div class=\"wp-block-column is-layout-flow wp-block-column-is-layout-flow\"><figure class=\"wp-block-image\"><a href=\"https:\/\/gh-fotoschule.com\/fotokurse\/wp-content\/uploads\/2017\/12\/IMG_1003.jpg\"><img loading=\"lazy\" decoding=\"async\" width=\"300\" height=\"200\" src=\"https:\/\/gh-fotoschule.com\/fotokurse\/wp-content\/uploads\/2017\/12\/IMG_1003-300x200.jpg\" alt=\"IMG_1003\" class=\"wp-image-3282\" srcset=\"https:\/\/gh-fotoschule.com\/fotokurse\/wp-content\/uploads\/2017\/12\/IMG_1003-300x200.jpg 300w, https:\/\/gh-fotoschule.com\/fotokurse\/wp-content\/uploads\/2017\/12\/IMG_1003-500x333.jpg 500w, https:\/\/gh-fotoschule.com\/fotokurse\/wp-content\/uploads\/2017\/12\/IMG_1003-768x512.jpg 768w, https:\/\/gh-fotoschule.com\/fotokurse\/wp-content\/uploads\/2017\/12\/IMG_1003-1030x686.jpg 1030w, https:\/\/gh-fotoschule.com\/fotokurse\/wp-content\/uploads\/2017\/12\/IMG_1003.jpg 1181w\" sizes=\"(max-width: 300px) 100vw, 300px\" \/><\/a><\/figure>\n\n<p>Ich glaube, der wichtigste Grund f\u00fcr das Fotografieren von Familienfotos sind die darin enthaltenen Erinnerungen: Sie versetzen Sie sofort zur\u00fcck in eine Zeit und an einen Ort und in die Gef\u00fchle, die Sie in diesem Moment hatten.<\/p>\n\n<p>Neugeborene Fotos sind magisch. Sie bringen Sie direkt zur\u00fcck zu dem Gef\u00fchl des Staunens \u00fcber Ihr kleines Baby, der \u00fcberw\u00e4ltigenden Liebe und der unglaublichen Euphorie, eine neue Person auf die Welt zu bringen.<\/p>\n\n<p>Anstatt Requisiten und Kost\u00fcmen m\u00f6chte ich mich auf das wirkliche Leben konzentrieren, auf das, was wichtig ist. Eure Baby und alle Merkmale die ihm einzegartig machen.<\/p><\/div><\/div><div class=\"contenfeature\">\n<p><strong><span style=\"color: #000000;\">Featuren:<\/span><\/strong><\/p>\n<ul>\n<li>\n<p><span style=\"color: #000000;\">Fotoshooting zu Hause, in der Stadt oder in der Natur.<\/span><\/p>\n<\/li>\n<li>\n<p><span style=\"color: #000000;\">Profesionelles, softes Licht (Falls die Sonne fehlt).<\/span><\/p>\n<\/li>\n<li>\n<p><span style=\"color: #000000;\">Vielzahl von Posen und Details, mit und ohne Eltern.<\/span><\/p>\n<\/li>\n<li>\n<p><span style=\"color: #000000;\">Fotos in Farbe und Schwarz-Wei\u00df.<\/span><\/p>\n<\/li>\n<li>\n<p><span style=\"color: #000000;\">Die Auswahl der Bilder erfolgt zuvor in einer passwortgesch\u00fctzten<\/span><\/p>\n<\/li>\n<li>\n<p><span style=\"color: #000000;\">Online Galerie.<\/span><\/p>\n<\/li>\n<li>\n<p><span style=\"color: #000000;\">Ausgew\u00e4hlte Bilder als digitale Datei zum herunterladen.<\/span><\/p>\n<\/li>\n<li>\n<p><span style=\"color: #000000;\">Nur privat Kunden. Kommerzielle Fotografie nicht in Preis inklusive. <\/span><span style=\"color: #000000;\">Nach Anfrage.<\/span><\/p>\n<\/li>\n<\/ul>\n<\/div>\n<div class=\"contenpreise\" style=\"font-size: 14px;\">\n<p><span style=\"color: #000000;\"><strong>Preise:<\/strong><\/span><\/p>\n<ul>\n<li>\n<p><strong><span style=\"color: #000000;\">1,5 Stunde Fotoshooting.<\/span> Inklusive 12 profesionell bearbeitete Fotos: <span style=\"color: #ff0000;\">199\u20ac<\/span><\/strong><\/p>\n<\/li>\n<li>\n<p><strong><span style=\"color: #000000;\">2 Stunde Fotoshooting.<\/span> Inklusive 25 profesionell bearbeitete Fotos: <span style=\"color: #ff0000;\">299\u20ac<\/span><\/strong><\/p>\n<\/li>\n<li>\n<p><strong><span style=\"color: #000000;\">Jede weiteres Bild:<\/span> <span style=\"color: #ff0000;\">9\u20ac<\/span><\/strong><\/p>\n<\/li>\n<\/ul>\n<\/div>\n<div class=\"contentermin\">\n<p><strong><span style=\"color: #000000;\">Um einen Termin zu machen, melden Sie sich bitte per:<\/span><\/strong><\/p>\n<p><strong><span style=\"color: #000000;\">Telefon:<\/span><\/strong> 030 22431416<\/p>\n<p><span style=\"color: #000000;\"><strong>Whatsapp:<\/strong><\/span> 0176 3159 9438<\/p>\n<p><span style=\"color: #000000;\"><strong>E-mail:<\/strong><\/span> info@gh-fotoschule.com<\/p>\n<p>oder <a href=\"https:\/\/gh-fotoschule.com\/fotokurse\/kontakt\/\"><strong><span style=\"color: #000000;\">Kontaktformular<\/span><\/strong><\/a><\/p>\n<\/div>\n<h1><span style=\"color: #ff0000;\"><strong>Geschenkgutschein:<\/strong><\/span><\/h1>\n<h1>&nbsp;<a href=\"https:\/\/gh-fotoschule.com\/fotokurse\/produkt\/baby-fotoshooting-gutschein-das-perfekte-geschenk\/\"><img fetchpriority=\"high\" decoding=\"async\" class=\"alignnone wp-image-6603 size-full\" src=\"https:\/\/gh-fotoschule.com\/fotokurse\/wp-content\/uploads\/2023\/03\/fotoshooting-berlin-baby-1-Stunde-199-2023-1.jpg\" alt=\"\" width=\"1000\" height=\"360\" srcset=\"https:\/\/gh-fotoschule.com\/fotokurse\/wp-content\/uploads\/2023\/03\/fotoshooting-berlin-baby-1-Stunde-199-2023-1.jpg 1000w, https:\/\/gh-fotoschule.com\/fotokurse\/wp-content\/uploads\/2023\/03\/fotoshooting-berlin-baby-1-Stunde-199-2023-1-300x108.jpg 300w, https:\/\/gh-fotoschule.com\/fotokurse\/wp-content\/uploads\/2023\/03\/fotoshooting-berlin-baby-1-Stunde-199-2023-1-768x276.jpg 768w, https:\/\/gh-fotoschule.com\/fotokurse\/wp-content\/uploads\/2023\/03\/fotoshooting-berlin-baby-1-Stunde-199-2023-1-500x180.jpg 500w\" sizes=\"(max-width: 1000px) 100vw, 1000px\" \/><\/a><\/h1>\n<h3><a href=\"https:\/\/gh-fotoschule.com\/fotokurse\/produkt\/2-stunden-baby-fotoshooting-gutschein-das-perfekte-geschenk\/\"><img loading=\"lazy\" decoding=\"async\" class=\"alignnone size-full wp-image-5732\" src=\"https:\/\/gh-fotoschule.com\/fotokurse\/wp-content\/uploads\/2020\/12\/fotoshooting-berlin-baby-2-Stunden.jpg\" alt=\"\" width=\"1000\" height=\"360\" srcset=\"https:\/\/gh-fotoschule.com\/fotokurse\/wp-content\/uploads\/2020\/12\/fotoshooting-berlin-baby-2-Stunden.jpg 1000w, https:\/\/gh-fotoschule.com\/fotokurse\/wp-content\/uploads\/2020\/12\/fotoshooting-berlin-baby-2-Stunden-300x108.jpg 300w, https:\/\/gh-fotoschule.com\/fotokurse\/wp-content\/uploads\/2020\/12\/fotoshooting-berlin-baby-2-Stunden-768x276.jpg 768w, https:\/\/gh-fotoschule.com\/fotokurse\/wp-content\/uploads\/2020\/12\/fotoshooting-berlin-baby-2-Stunden-500x180.jpg 500w\" sizes=\"(max-width: 1000px) 100vw, 1000px\" \/><\/a><\/h3>\n<h3>&nbsp;<\/h3>\n<h3>[info]Auch Buchbar:[\/info]<\/h3>\n<h2><a href=\"https:\/\/gh-fotoschule.com\/fotokurse\/portrait-fotografie-in-berlin\/\"><img loading=\"lazy\" decoding=\"async\" class=\"alignnone wp-image-5774 size-full\" src=\"https:\/\/gh-fotoschule.com\/fotokurse\/wp-content\/uploads\/2020\/12\/Portrait-Fotoshooting-Berlin-149-euro.jpg\" alt=\"\" width=\"1000\" height=\"360\" srcset=\"https:\/\/gh-fotoschule.com\/fotokurse\/wp-content\/uploads\/2020\/12\/Portrait-Fotoshooting-Berlin-149-euro.jpg 1000w, https:\/\/gh-fotoschule.com\/fotokurse\/wp-content\/uploads\/2020\/12\/Portrait-Fotoshooting-Berlin-149-euro-300x108.jpg 300w, https:\/\/gh-fotoschule.com\/fotokurse\/wp-content\/uploads\/2020\/12\/Portrait-Fotoshooting-Berlin-149-euro-768x276.jpg 768w, https:\/\/gh-fotoschule.com\/fotokurse\/wp-content\/uploads\/2020\/12\/Portrait-Fotoshooting-Berlin-149-euro-500x180.jpg 500w\" sizes=\"(max-width: 1000px) 100vw, 1000px\" \/><\/a><\/h2><p><\/p>","protected":false},"excerpt":{"rendered":"<p>Die Fotoshootings finden ab 18. Januar 2021 statt! \u00a0 Babyfotografie bei euch zu Hause, in der Stadt oder in der Natur. Wenn Ihr Baby auf die Welt kommt, ist der neugeborene Baby Ihrer Familie wertvoll. Das Verlassen des Hauses klingt wahrscheinlich unattraktiv: Besucher kommen zu Ihnen, Eink\u00e4ufe werden online get\u00e4tigt und an Ihre T\u00fcr geliefert, [&hellip;]<\/p>\n","protected":false},"author":9,"featured_media":0,"parent":0,"menu_order":0,"comment_status":"closed","ping_status":"closed","template":"","meta":{"footnotes":""},"class_list":["post-5476","page","type-page","status-publish","hentry"],"_links":{"self":[{"href":"https:\/\/gh-fotoschule.com\/fotokurse\/wp-json\/wp\/v2\/pages\/5476","targetHints":{"allow":["GET"]}}],"collection":[{"href":"https:\/\/gh-fotoschule.com\/fotokurse\/wp-json\/wp\/v2\/pages"}],"about":[{"href":"https:\/\/gh-fotoschule.com\/fotokurse\/wp-json\/wp\/v2\/types\/page"}],"author":[{"embeddable":true,"href":"https:\/\/gh-fotoschule.com\/fotokurse\/wp-json\/wp\/v2\/users\/9"}],"replies":[{"embeddable":true,"href":"https:\/\/gh-fotoschule.com\/fotokurse\/wp-json\/wp\/v2\/comments?post=5476"}],"version-history":[{"count":0,"href":"https:\/\/gh-fotoschule.com\/fotokurse\/wp-json\/wp\/v2\/pages\/5476\/revisions"}],"wp:attachment":[{"href":"https:\/\/gh-fotoschule.com\/fotokurse\/wp-json\/wp\/v2\/media?parent=5476"}],"curies":[{"name":"wp","href":"https:\/\/api.w.org\/{rel}","templated":true}]}}